{"id":53299,"date":"2021-01-21T17:31:19","date_gmt":"2021-01-21T20:31:19","guid":{"rendered":"https:\/\/www.livrariarema.com.br\/loja\/produtos\/sem%20categoria\/ntlh063becmm-biblia-explicada-para-criancas-mig-e-meg\/"},"modified":"2026-04-29T14:00:58","modified_gmt":"2026-04-29T17:00:58","slug":"ntlh063becmm-biblia-explicada-para-criancas-mig-e-meg","status":"publish","type":"product","link":"https:\/\/www.livrariarema.com.br\/loja\/produtos\/biblias\/infantil-biblias\/ntlh063becmm-biblia-explicada-para-criancas-mig-e-meg\/","title":{"rendered":"Ntlh063becmm &#8211; B\u00edblia Explicada Para Crian\u00e7as Mig E Meg"},"content":{"rendered":"<p>A B\u00edblia Explicada para Crian\u00e7as foi desenvolvida a partir da necessidade de fazer com que a B\u00edblia seja compreens\u00edvel para todos, inclusive pelas crian\u00e7as. A edi\u00e7\u00e3o \u00e9 uma excelente ferramenta para despertar, no pequeno leitor, o interesse em estudar a Palavra de Deus. Com lindas ilustra\u00e7\u00f5es da turma Mig &amp; Meg, tem texto b\u00edblico na Nova Tradu\u00e7\u00e3o na Linguagem de Hoje, mais acess\u00edvel e de f\u00e1cil compreens\u00e3o. Al\u00e9m disso, traz diversos recursos que ajudar\u00e3o a crian\u00e7a a explorar, sozinha, os ensinamentos de Deus. Com a B\u00edblia Explicada para Crian\u00e7as, ser\u00e1 mais f\u00e1cil para as crian\u00e7as entenderem como aconteceram as hist\u00f3rias narradas nas Escrituras Sagradas. A edi\u00e7\u00e3o vem, ainda, com uma cartela de adesivos, para a crian\u00e7a levar a mensagem de Deus sempre com ela.<\/p>\n<p>RECURSOS:<\/p>\n<p>&#8211; O que a B\u00edblia diz sobre o perd\u00e3o de Deus<br \/>\n&#8211; Plano anual de leitura da B\u00edblia<br \/>\n&#8211; Vocabul\u00e1rio<\/p>\n<p>RECURSOS ADICIONAIS<\/p>\n<p>&#8211;\tIntrodu\u00e7\u00e3o: No come\u00e7o de cada livro b\u00edblico, h\u00e1 uma s\u00e9rie de informa\u00e7\u00f5es (autor, data, lugar), al\u00e9m de um resumo do conte\u00fado e da parte mais importante do livro.<br \/>\n&#8211;\tGPS: Notas geogr\u00e1ficas, explicando onde se localizam os lugares mencionados na B\u00edblia, com detalhes interessantes desses lugares e os nomes pelos quais s\u00e3o conhecidos atualmente.<br \/>\n&#8211;\tN\u00e3o entendo!: S\u00e3o notas de conte\u00fado cultural, lingu\u00edstico, hist\u00f3rico e teol\u00f3gico, explicadas de uma forma simples.<br \/>\n&#8211;\tQue nome \u00e9 esse?: Al\u00e9m de explicar o significado dos nomes de centenas de pessoas na B\u00edblia, expande o conhecimento sobre o personagem e seu papel no plano divino.<br \/>\n&#8211;\tVoc\u00ea j\u00e1 aprendeu?: Uma breve e divertida pergunta para confirmar se a crian\u00e7a compreendeu um aspecto-chave do livro b\u00edblico que est\u00e1 sendo lido.<br \/>\n&#8211;\tE ent\u00e3o?: No final de cada livro, uma reflex\u00e3o simples e profunda, com uma vis\u00e3o geral do ensino que \u00e9 obtido em cada livro e sua aplica\u00e7\u00e3o para a pr\u00f3pria vida.<br \/>\n&#8211;\tVocabul\u00e1rio<br \/>\n&#8211;\tLeitura cronol\u00f3gica<br \/>\n&#8211;\tUm guia para os principais acontecimentos<br \/>\n&#8211;\tUm ano com a B\u00edblia<br \/>\n&#8211;\tO que a B\u00edblia diz sobre o perd\u00e3o de Deus<\/p>\n","protected":false},"excerpt":{"rendered":"<p>A B\u00edblia Explicada para Crian\u00e7as foi desenvolvida a partir da necessidade de fazer com que a B\u00edblia seja compreens\u00edvel para&hellip;<\/p>\n","protected":false},"featured_media":347668,"comment_status":"open","ping_status":"closed","template":"","meta":[],"product_cat":[139,202],"product_tag":[],"_links":{"self":[{"href":"https:\/\/www.livrariarema.com.br\/loja\/wp-json\/wp\/v2\/product\/53299"}],"collection":[{"href":"https:\/\/www.livrariarema.com.br\/loja\/wp-json\/wp\/v2\/product"}],"about":[{"href":"https:\/\/www.livrariarema.com.br\/loja\/wp-json\/wp\/v2\/types\/product"}],"replies":[{"embeddable":true,"href":"https:\/\/www.livrariarema.com.br\/loja\/wp-json\/wp\/v2\/comments?post=53299"}],"wp:featuredmedia":[{"embeddable":true,"href":"https:\/\/www.livrariarema.com.br\/loja\/wp-json\/wp\/v2\/media\/347668"}],"wp:attachment":[{"href":"https:\/\/www.livrariarema.com.br\/loja\/wp-json\/wp\/v2\/media?parent=53299"}],"wp:term":[{"taxonomy":"product_cat","embeddable":true,"href":"https:\/\/www.livrariarema.com.br\/loja\/wp-json\/wp\/v2\/product_cat?post=53299"},{"taxonomy":"product_tag","embeddable":true,"href":"https:\/\/www.livrariarema.com.br\/loja\/wp-json\/wp\/v2\/product_tag?post=53299"}],"curies":[{"name":"wp","href":"https:\/\/api.w.org\/{rel}","templated":true}]}}