{"id":53320,"date":"2021-01-21T17:31:55","date_gmt":"2021-01-21T20:31:55","guid":{"rendered":"https:\/\/www.livrariarema.com.br\/loja\/produtos\/sem%20categoria\/atividades-biblicas-adao-e-eva\/"},"modified":"2026-01-14T12:40:36","modified_gmt":"2026-01-14T15:40:36","slug":"atividades-biblicas-adao-e-eva","status":"publish","type":"product","link":"https:\/\/www.livrariarema.com.br\/loja\/produtos\/livros\/infantil\/atividades-biblicas-adao-e-eva\/","title":{"rendered":"Atividades B\u00edblicas &#8211; Ad\u00e3o E Eva"},"content":{"rendered":"<p>A hist\u00f3ria de Ad\u00e3o e Eva fala sobre a import\u00e2ncia de obedecermos a Deus. Conhe\u00e7a essa hist\u00f3ria por meio de atividades divertidas.<\/p>\n","protected":false},"excerpt":{"rendered":"<p>A hist\u00f3ria de Ad\u00e3o e Eva fala sobre a import\u00e2ncia de obedecermos a Deus. Conhe\u00e7a essa hist\u00f3ria por meio de&hellip;<\/p>\n","protected":false},"featured_media":253370,"comment_status":"open","ping_status":"closed","template":"","meta":[],"product_cat":[144,134],"product_tag":[],"_links":{"self":[{"href":"https:\/\/www.livrariarema.com.br\/loja\/wp-json\/wp\/v2\/product\/53320"}],"collection":[{"href":"https:\/\/www.livrariarema.com.br\/loja\/wp-json\/wp\/v2\/product"}],"about":[{"href":"https:\/\/www.livrariarema.com.br\/loja\/wp-json\/wp\/v2\/types\/product"}],"replies":[{"embeddable":true,"href":"https:\/\/www.livrariarema.com.br\/loja\/wp-json\/wp\/v2\/comments?post=53320"}],"wp:featuredmedia":[{"embeddable":true,"href":"https:\/\/www.livrariarema.com.br\/loja\/wp-json\/wp\/v2\/media\/253370"}],"wp:attachment":[{"href":"https:\/\/www.livrariarema.com.br\/loja\/wp-json\/wp\/v2\/media?parent=53320"}],"wp:term":[{"taxonomy":"product_cat","embeddable":true,"href":"https:\/\/www.livrariarema.com.br\/loja\/wp-json\/wp\/v2\/product_cat?post=53320"},{"taxonomy":"product_tag","embeddable":true,"href":"https:\/\/www.livrariarema.com.br\/loja\/wp-json\/wp\/v2\/product_tag?post=53320"}],"curies":[{"name":"wp","href":"https:\/\/api.w.org\/{rel}","templated":true}]}}