{"id":53398,"date":"2021-01-21T17:34:28","date_gmt":"2021-01-21T20:34:28","guid":{"rendered":"https:\/\/www.livrariarema.com.br\/loja\/produtos\/sem%20categoria\/comentarios-expositivos-lucas-hernandes-dias-lopes\/"},"modified":"2026-03-13T16:56:59","modified_gmt":"2026-03-13T19:56:59","slug":"comentarios-expositivos-lucas-hernandes-dias-lopes","status":"publish","type":"product","link":"https:\/\/www.livrariarema.com.br\/loja\/produtos\/livros\/comentario-biblico\/comentarios-expositivos-lucas-hernandes-dias-lopes\/","title":{"rendered":"Comentarios Expositivos &#8211; Lucas &#8211; Hernandes Dias Lopes"},"content":{"rendered":"<p>Lucas \u00e9 o maior livro do Novo Testamento e o mais completo dos Evangelhos. \u00c9 considerado a mais bela obra escrita na hist\u00f3ria da humanidade. Aborda, com eloqu\u00eancia singular, a concep\u00e7\u00e3o, o nascimento, o batismo, o minist\u00e9rio, os ensinos, os milagres, a morte, a ressurrei\u00e7\u00e3o e a ascens\u00e3o de Jesus. Enfatiza a pessoa de Jesus como o Homem perfeito, sem deixar de dar igual \u00eanfase \u00e0 sua divindade. Proclama a mensagem da gra\u00e7a aos desassistidos de esperan\u00e7a e anuncia a universalidade da salva\u00e7\u00e3o pela gra\u00e7a a todas as na\u00e7\u00f5es. Lucas \u00e9 um reservat\u00f3rio inesgot\u00e1vel, onde voc\u00ea encontrar\u00e1 plena alegria e completa reden\u00e7\u00e3o em Jesus, o Messias, o Filho do homem, o Filho de Deus!<\/p>\n","protected":false},"excerpt":{"rendered":"<p>Lucas \u00e9 o maior livro do Novo Testamento e o mais completo dos Evangelhos. \u00c9 considerado a mais bela obra&hellip;<\/p>\n","protected":false},"featured_media":346122,"comment_status":"open","ping_status":"closed","template":"","meta":[],"product_cat":[164,134],"product_tag":[],"_links":{"self":[{"href":"https:\/\/www.livrariarema.com.br\/loja\/wp-json\/wp\/v2\/product\/53398"}],"collection":[{"href":"https:\/\/www.livrariarema.com.br\/loja\/wp-json\/wp\/v2\/product"}],"about":[{"href":"https:\/\/www.livrariarema.com.br\/loja\/wp-json\/wp\/v2\/types\/product"}],"replies":[{"embeddable":true,"href":"https:\/\/www.livrariarema.com.br\/loja\/wp-json\/wp\/v2\/comments?post=53398"}],"wp:featuredmedia":[{"embeddable":true,"href":"https:\/\/www.livrariarema.com.br\/loja\/wp-json\/wp\/v2\/media\/346122"}],"wp:attachment":[{"href":"https:\/\/www.livrariarema.com.br\/loja\/wp-json\/wp\/v2\/media?parent=53398"}],"wp:term":[{"taxonomy":"product_cat","embeddable":true,"href":"https:\/\/www.livrariarema.com.br\/loja\/wp-json\/wp\/v2\/product_cat?post=53398"},{"taxonomy":"product_tag","embeddable":true,"href":"https:\/\/www.livrariarema.com.br\/loja\/wp-json\/wp\/v2\/product_tag?post=53398"}],"curies":[{"name":"wp","href":"https:\/\/api.w.org\/{rel}","templated":true}]}}