{"id":53408,"date":"2021-01-21T17:34:47","date_gmt":"2021-01-21T20:34:47","guid":{"rendered":"https:\/\/www.livrariarema.com.br\/loja\/produtos\/sem%20categoria\/abolicao-do-homem-a-c-s-lewis\/"},"modified":"2026-03-24T14:34:35","modified_gmt":"2026-03-24T17:34:35","slug":"abolicao-do-homem-a-c-s-lewis","status":"publish","type":"product","link":"https:\/\/www.livrariarema.com.br\/loja\/produtos\/livros\/vida-crista\/abolicao-do-homem-a-c-s-lewis\/","title":{"rendered":"Aboli\u00e7\u00e3o Do Homem, A &#8211; C. S. Lewis"},"content":{"rendered":"<p>Surpreendente e prof\u00e9tico, A aboli\u00e7\u00e3o do homem \u00e9 um dos livros mais debatidos de C.S. Lewis. Nas poucas, por\u00e9m densas p\u00e1ginas desta obra, o c\u00e9lebre autor brit\u00e2nico defende a moralidade absoluta e os valores universais, como o altru\u00edsmo, a caridade e o amor, al\u00e9m de expor as consequ\u00eancias da falta desses princ\u00edpios na sociedade. Criticando os argumentos dos relativistas, a obra &#8211; agora em nova edi\u00e7\u00e3o com capa dura e acabamento de luxo &#8211; alerta para os perigos de questionar os valores morais objetivos, comuns a todos, sem os quais os seres humanos correm o risco de perder a humanidade. Com bases s\u00f3lidas e profundas, Lewis mostra que a tentativa de abolir a moralidade equivale, no fim, a abolir o pr\u00f3prio homem, e convida os leitores a n\u00e3o se render \u00e0 tend\u00eancia relativista que permeia a sociedade contempor\u00e2nea.<\/p>\n","protected":false},"excerpt":{"rendered":"<p>Surpreendente e prof\u00e9tico, A aboli\u00e7\u00e3o do homem \u00e9 um dos livros mais debatidos de C.S. Lewis. Nas poucas, por\u00e9m densas&hellip;<\/p>\n","protected":false},"featured_media":345462,"comment_status":"open","ping_status":"closed","template":"","meta":[],"product_cat":[134,137],"product_tag":[],"_links":{"self":[{"href":"https:\/\/www.livrariarema.com.br\/loja\/wp-json\/wp\/v2\/product\/53408"}],"collection":[{"href":"https:\/\/www.livrariarema.com.br\/loja\/wp-json\/wp\/v2\/product"}],"about":[{"href":"https:\/\/www.livrariarema.com.br\/loja\/wp-json\/wp\/v2\/types\/product"}],"replies":[{"embeddable":true,"href":"https:\/\/www.livrariarema.com.br\/loja\/wp-json\/wp\/v2\/comments?post=53408"}],"wp:featuredmedia":[{"embeddable":true,"href":"https:\/\/www.livrariarema.com.br\/loja\/wp-json\/wp\/v2\/media\/345462"}],"wp:attachment":[{"href":"https:\/\/www.livrariarema.com.br\/loja\/wp-json\/wp\/v2\/media?parent=53408"}],"wp:term":[{"taxonomy":"product_cat","embeddable":true,"href":"https:\/\/www.livrariarema.com.br\/loja\/wp-json\/wp\/v2\/product_cat?post=53408"},{"taxonomy":"product_tag","embeddable":true,"href":"https:\/\/www.livrariarema.com.br\/loja\/wp-json\/wp\/v2\/product_tag?post=53408"}],"curies":[{"name":"wp","href":"https:\/\/api.w.org\/{rel}","templated":true}]}}