{"id":53418,"date":"2021-01-21T17:35:07","date_gmt":"2021-01-21T20:35:07","guid":{"rendered":"https:\/\/www.livrariarema.com.br\/loja\/produtos\/sem%20categoria\/biblia-devocional-da-princesinha-sheila-walsh\/"},"modified":"2026-04-24T10:36:23","modified_gmt":"2026-04-24T13:36:23","slug":"biblia-devocional-da-princesinha-sheila-walsh","status":"publish","type":"product","link":"https:\/\/www.livrariarema.com.br\/loja\/produtos\/livros\/infantil-biblia\/biblia-devocional-da-princesinha-sheila-walsh\/","title":{"rendered":"B\u00edblia Devocional Da Princesinha &#8211; Sheila Walsh"},"content":{"rendered":"<p>A princesinha vai dormir segura e confort\u00e1vel no amor de Deus.<\/p>\n<p>A hora de dormir \u00e9 um momento especial entre pais e filhas, e a B\u00edblia devocional da princesinha vai ajudar a encerrar o dia do melhor jeito poss\u00edvel. S\u00e3o mais de 100 devocionais, ora\u00e7\u00f5es e atividades para tornar o cora\u00e7\u00e3o de cada menina mais aberto para a verdade e o amor de Deus.<\/p>\n<p>Os devocionais ressaltam as maravilhas do Senhor em palavras que a princesinha consegue entender e a se\u00e7\u00e3o Gra\u00e7a e gracejos de boa noite oferece maneiras pr\u00e1ticas de tornar a Palavra de Deus real na vida dela, enquanto a ora\u00e7\u00e3o suave ajuda a embalar tudo, como um cobertor aconchegante. N\u00e3o importa se o dia foi longo ou cansativo, n\u00e3o h\u00e1 maneira melhor de encerr\u00e1-lo junto de Deus do que lendo este lindo livro perfeito para todas as meninas.<\/p>\n","protected":false},"excerpt":{"rendered":"<p>A princesinha vai dormir segura e confort\u00e1vel no amor de Deus. A hora de dormir \u00e9 um momento especial entre&hellip;<\/p>\n","protected":false},"featured_media":347124,"comment_status":"open","ping_status":"closed","template":"","meta":[],"product_cat":[165,134],"product_tag":[],"_links":{"self":[{"href":"https:\/\/www.livrariarema.com.br\/loja\/wp-json\/wp\/v2\/product\/53418"}],"collection":[{"href":"https:\/\/www.livrariarema.com.br\/loja\/wp-json\/wp\/v2\/product"}],"about":[{"href":"https:\/\/www.livrariarema.com.br\/loja\/wp-json\/wp\/v2\/types\/product"}],"replies":[{"embeddable":true,"href":"https:\/\/www.livrariarema.com.br\/loja\/wp-json\/wp\/v2\/comments?post=53418"}],"wp:featuredmedia":[{"embeddable":true,"href":"https:\/\/www.livrariarema.com.br\/loja\/wp-json\/wp\/v2\/media\/347124"}],"wp:attachment":[{"href":"https:\/\/www.livrariarema.com.br\/loja\/wp-json\/wp\/v2\/media?parent=53418"}],"wp:term":[{"taxonomy":"product_cat","embeddable":true,"href":"https:\/\/www.livrariarema.com.br\/loja\/wp-json\/wp\/v2\/product_cat?post=53418"},{"taxonomy":"product_tag","embeddable":true,"href":"https:\/\/www.livrariarema.com.br\/loja\/wp-json\/wp\/v2\/product_tag?post=53418"}],"curies":[{"name":"wp","href":"https:\/\/api.w.org\/{rel}","templated":true}]}}