{"id":53422,"date":"2021-01-21T17:35:14","date_gmt":"2021-01-21T20:35:14","guid":{"rendered":"https:\/\/www.livrariarema.com.br\/loja\/produtos\/sem%20categoria\/dias-melhores-virao-max-lucado\/"},"modified":"2026-03-12T17:41:17","modified_gmt":"2026-03-12T20:41:17","slug":"dias-melhores-virao-max-lucado","status":"publish","type":"product","link":"https:\/\/www.livrariarema.com.br\/loja\/produtos\/livros\/motivacao\/dias-melhores-virao-max-lucado\/","title":{"rendered":"Dias Melhores Vir\u00e3o &#8211; Max Lucado"},"content":{"rendered":"<p>O livro Dias Melhores Vir\u00e3o, do autor Max Lucado, tr\u00e1s a luz da b\u00edblia maneiras de superar obst\u00e1culos e crer que Deus est\u00e1 no controle. <br \/>\nO que fazer quando perdemos o emprego, nosso casamento termina ou quando perdemos amigos e entes queridos? <br \/>\nA espiritualidade crist\u00e3 nos responde dizendo que Deus n\u00e3o recua diante de nossos problemas. <br \/>\nMesmo quando estamos feridos, Deus se faz presente. Deus sempre est\u00e1 no controle da situa\u00e7\u00e3o, nos acompanhando at\u00e9 a chegada de dias melhores, voc\u00ea descobrir\u00e1 que pode ir muito al\u00e9m do que imaginou com Jesus na caminhada.<br \/>\nNo entanto, quando trag\u00e9dias graves e perdas incompreens\u00edveis ocorrem, tendemos a ficar tristes, irados, e a desejar vingan\u00e7a. \u00c9 comum, nesses momentos, surgirem perguntas como: <br \/>\nPor que Deus permitiu esta atrocidade? <br \/>\nComo Deus pode fazer surgir algo bom desta tristeza? <br \/>\nComo acreditar em Deus em meio a tanto sofrimento?<br \/>\nMax Lucado (11 de janeiro de 1955, San Angelo, Texas) \u00e9 um pastor e escritor j\u00e1 publicou mais de setenta livros. Max Lucado j\u00e1 vendeu mais de 70 milh\u00f5es de exemplares em mais de vinte e oito idiomas em todo o mundo.<\/p>\n<p>Alguns de seus livros fazem parte da lista de best-sellers  Max Lucado \u00e9 o primeiro e \u00fanico autor a ganhar tr\u00eas vezes o pr\u00eamio da Associa\u00e7\u00e3o de Editoras Evang\u00e9licas Crist\u00e3s (ECPA) na categoria Livro do Ano:  (Quando Deus Sussurra Seu Nome), em 1997 por &#8220;In the Grip of Grace&#8221; (Nas Garras da Gra\u00e7a), e em 1999 por &#8220;Just Like Jesus&#8221; (Simplesmente Como Jesus). Atualmente seus livros t\u00eam sido publicados no Brasil pela editora CPAD e editora Thomas Nelson. E ganhou recentemente o pr\u00eamio Aret\u00e9 de melhor livro devocional com o livro 365 ben\u00e7\u00e3os.<\/p>\n<p>Casado com Denalyn Lucado e pai de tr\u00eas filhas, Max e a esposa trabalharam como mission\u00e1rios no Brasil antes de chegar a San Ant\u00f4nio, onde vivem desde 1998. No Brasil, Lucado morou por cinco anos no Rio de Janeiro, Brasil como mission\u00e1rio enviado por sua igreja. Foi no Rio que ele descobriu que gostava de escrever.<br \/>\nMax Lucado j\u00e1 foi apontado como o pastor das Am\u00e9ricas pela revista Christianity Today. Atualmente ele serve como ministro de prega\u00e7\u00e3o na Igreja de Oak Hills em San Ant\u00f4nio, Texas. Quando n\u00e3o est\u00e1 pregando, Lucado escreve livros de tem\u00e1tica protestante e faz palestras religiosas ao redor do mundo.<\/p>\n","protected":false},"excerpt":{"rendered":"<p>O livro Dias Melhores Vir\u00e3o, do autor Max Lucado, tr\u00e1s a luz da b\u00edblia maneiras de superar obst\u00e1culos e crer&hellip;<\/p>\n","protected":false},"featured_media":345423,"comment_status":"open","ping_status":"closed","template":"","meta":[],"product_cat":[134,211],"product_tag":[],"_links":{"self":[{"href":"https:\/\/www.livrariarema.com.br\/loja\/wp-json\/wp\/v2\/product\/53422"}],"collection":[{"href":"https:\/\/www.livrariarema.com.br\/loja\/wp-json\/wp\/v2\/product"}],"about":[{"href":"https:\/\/www.livrariarema.com.br\/loja\/wp-json\/wp\/v2\/types\/product"}],"replies":[{"embeddable":true,"href":"https:\/\/www.livrariarema.com.br\/loja\/wp-json\/wp\/v2\/comments?post=53422"}],"wp:featuredmedia":[{"embeddable":true,"href":"https:\/\/www.livrariarema.com.br\/loja\/wp-json\/wp\/v2\/media\/345423"}],"wp:attachment":[{"href":"https:\/\/www.livrariarema.com.br\/loja\/wp-json\/wp\/v2\/media?parent=53422"}],"wp:term":[{"taxonomy":"product_cat","embeddable":true,"href":"https:\/\/www.livrariarema.com.br\/loja\/wp-json\/wp\/v2\/product_cat?post=53422"},{"taxonomy":"product_tag","embeddable":true,"href":"https:\/\/www.livrariarema.com.br\/loja\/wp-json\/wp\/v2\/product_tag?post=53422"}],"curies":[{"name":"wp","href":"https:\/\/api.w.org\/{rel}","templated":true}]}}