{"id":53426,"date":"2021-01-21T17:35:22","date_gmt":"2021-01-21T20:35:22","guid":{"rendered":"https:\/\/www.livrariarema.com.br\/loja\/produtos\/sem%20categoria\/jejum-como-encontrar-respostas-john-eckhardt\/"},"modified":"2026-02-25T16:28:19","modified_gmt":"2026-02-25T19:28:19","slug":"jejum-como-encontrar-respostas-john-eckhardt","status":"publish","type":"product","link":"https:\/\/www.livrariarema.com.br\/loja\/produtos\/livros\/oracao\/jejum-como-encontrar-respostas-john-eckhardt\/","title":{"rendered":"Jejum &#8211; Como Encontrar Respostas &#8211; John Eckhardt"},"content":{"rendered":"<p>Quando s\u00f3 orar n\u00e3o \u00e9 suficiente Muitos crist\u00e3os fazem de tudo para se livrar da presen\u00e7a do inimigo em suas vidas: oram, ordenam e se esfor\u00e7am, mas mesmo assim as dificuldades persistem. O que est\u00e1 faltando para obterem a liberta\u00e7\u00e3o? Mateus 17 nos d\u00e1 a resposta: \u00e0s vezes os problemas s\u00f3 se resolvem pela ora\u00e7\u00e3o e pelo jejum. Ora\u00e7\u00f5es repletas de f\u00e9 acompanhadas de jejuns peri\u00f3dicos s\u00e3o as chaves para vermos milagres e progressos com regularidade. Em Jejum, John Eckhardt explica o poder da pr\u00e1tica de jejuar e mostra tudo que ela pode fazer pela paz e o bem-estar dos crist\u00e3os. O leitor vai aprender as diretrizes de jejuns e ora\u00e7\u00f5es para cada situa\u00e7\u00e3o, descobrindo que uma vida com jejum \u00e9 muito poderosa. Mesmo quando os problemas parecerem grandes demais, n\u00e3o desanime: as recompensas do jejum superam em muito os obst\u00e1culos do inimigo.<\/p>\n","protected":false},"excerpt":{"rendered":"<p>Quando s\u00f3 orar n\u00e3o \u00e9 suficiente Muitos crist\u00e3os fazem de tudo para se livrar da presen\u00e7a do inimigo em suas&hellip;<\/p>\n","protected":false},"featured_media":345483,"comment_status":"open","ping_status":"closed","template":"","meta":[],"product_cat":[134,171],"product_tag":[],"_links":{"self":[{"href":"https:\/\/www.livrariarema.com.br\/loja\/wp-json\/wp\/v2\/product\/53426"}],"collection":[{"href":"https:\/\/www.livrariarema.com.br\/loja\/wp-json\/wp\/v2\/product"}],"about":[{"href":"https:\/\/www.livrariarema.com.br\/loja\/wp-json\/wp\/v2\/types\/product"}],"replies":[{"embeddable":true,"href":"https:\/\/www.livrariarema.com.br\/loja\/wp-json\/wp\/v2\/comments?post=53426"}],"wp:featuredmedia":[{"embeddable":true,"href":"https:\/\/www.livrariarema.com.br\/loja\/wp-json\/wp\/v2\/media\/345483"}],"wp:attachment":[{"href":"https:\/\/www.livrariarema.com.br\/loja\/wp-json\/wp\/v2\/media?parent=53426"}],"wp:term":[{"taxonomy":"product_cat","embeddable":true,"href":"https:\/\/www.livrariarema.com.br\/loja\/wp-json\/wp\/v2\/product_cat?post=53426"},{"taxonomy":"product_tag","embeddable":true,"href":"https:\/\/www.livrariarema.com.br\/loja\/wp-json\/wp\/v2\/product_tag?post=53426"}],"curies":[{"name":"wp","href":"https:\/\/api.w.org\/{rel}","templated":true}]}}