{"id":53438,"date":"2021-01-21T17:35:44","date_gmt":"2021-01-21T20:35:44","guid":{"rendered":"https:\/\/www.livrariarema.com.br\/loja\/produtos\/sem%20categoria\/estudos-do-sermao-do-monte-d-m-lloyd-jones-capa-dura\/"},"modified":"2026-03-16T13:36:31","modified_gmt":"2026-03-16T16:36:31","slug":"estudos-do-sermao-do-monte-d-m-lloyd-jones-capa-dura","status":"publish","type":"product","link":"https:\/\/www.livrariarema.com.br\/loja\/produtos\/livros\/estudo-biblico\/estudos-do-sermao-do-monte-d-m-lloyd-jones-capa-dura\/","title":{"rendered":"Estudos Do Serm\u00e3o Do Monte &#8211; D. M. Lloyd Jones &#8211; Capa Dura"},"content":{"rendered":"<p>Estudos no Serm\u00e3o do Monte, Lloyd Jones toca o cora\u00e7\u00e3o do leitor da mesma forma que um cirurgi\u00e3o card\u00edaco faz: dram\u00e1tica e precisamente. Sua an\u00e1lise penetrante do texto b\u00edblico e ricas aplica\u00e7\u00f5es, permitem-nos refletir com seriedade acerca das elevadas demandas da vida crist\u00e3. Na ocasi\u00e3o do lan\u00e7amento deste livro, foi comentado a seu respeito tratar-se de a mais profunda sondagem do cora\u00e7\u00e3o de todas as exposi\u00e7\u00f5es do Serm\u00e3o do Monte j\u00e1 publicadas no s\u00e9culo XX. Agora, mais de 25 anos ap\u00f3s o seu lan\u00e7amento em portugu\u00eas, esta obra que j\u00e1 se tornou um cl\u00e1ssico, continua cativando o cora\u00e7\u00e3o do leitor, levando-o a considerar a beleza e a profundidade das palavras do Senhor Jesus Cristo registradas em Mateus 5, 6 e 7. O Serm\u00e3o do Monte, conforme diz Lloyd Jones, n\u00e3o \u00e9 um c\u00f3digo de \u00e9tica ou moral; \u00e9, antes, uma descri\u00e7\u00e3o do que o crist\u00e3o deve ser. A an\u00e1lise cuidadosa que Dr. Lloyd Jones faz do texto b\u00edblico, bem como suas ricas aplica\u00e7\u00f5es, permitem-nos refletir com muita seriedade acerca das elevadas exig\u00eancias da vida crist\u00e3.<\/p>\n","protected":false},"excerpt":{"rendered":"<p>Estudos no Serm\u00e3o do Monte, Lloyd Jones toca o cora\u00e7\u00e3o do leitor da mesma forma que um cirurgi\u00e3o card\u00edaco faz:&hellip;<\/p>\n","protected":false},"featured_media":346344,"comment_status":"open","ping_status":"closed","template":"","meta":[],"product_cat":[161,134],"product_tag":[],"_links":{"self":[{"href":"https:\/\/www.livrariarema.com.br\/loja\/wp-json\/wp\/v2\/product\/53438"}],"collection":[{"href":"https:\/\/www.livrariarema.com.br\/loja\/wp-json\/wp\/v2\/product"}],"about":[{"href":"https:\/\/www.livrariarema.com.br\/loja\/wp-json\/wp\/v2\/types\/product"}],"replies":[{"embeddable":true,"href":"https:\/\/www.livrariarema.com.br\/loja\/wp-json\/wp\/v2\/comments?post=53438"}],"wp:featuredmedia":[{"embeddable":true,"href":"https:\/\/www.livrariarema.com.br\/loja\/wp-json\/wp\/v2\/media\/346344"}],"wp:attachment":[{"href":"https:\/\/www.livrariarema.com.br\/loja\/wp-json\/wp\/v2\/media?parent=53438"}],"wp:term":[{"taxonomy":"product_cat","embeddable":true,"href":"https:\/\/www.livrariarema.com.br\/loja\/wp-json\/wp\/v2\/product_cat?post=53438"},{"taxonomy":"product_tag","embeddable":true,"href":"https:\/\/www.livrariarema.com.br\/loja\/wp-json\/wp\/v2\/product_tag?post=53438"}],"curies":[{"name":"wp","href":"https:\/\/api.w.org\/{rel}","templated":true}]}}