{"id":53454,"date":"2021-01-21T17:36:16","date_gmt":"2021-01-21T20:36:16","guid":{"rendered":"https:\/\/www.livrariarema.com.br\/loja\/produtos\/sem%20categoria\/ceu-na-terra-um-vislumbre-do-livro-de-mateus-christian-chen\/"},"modified":"2026-05-06T12:02:52","modified_gmt":"2026-05-06T15:02:52","slug":"ceu-na-terra-um-vislumbre-do-livro-de-mateus-christian-chen","status":"publish","type":"product","link":"https:\/\/www.livrariarema.com.br\/loja\/produtos\/livros\/estudo-biblico\/ceu-na-terra-um-vislumbre-do-livro-de-mateus-christian-chen\/","title":{"rendered":"S\u00e9rie Livros Da B\u00edblia &#8211; C\u00e9u Na Terra &#8211; Um Vislumbre Do Livro De Mateus &#8211; Christian Chen"},"content":{"rendered":"<p>Watchman Nee certa vez comentou: &#8220;Mateus \u00e9 dez vezes mais dif\u00edcil de interpretar que o Livro de Apocalipse&#8221;. N\u00e3o \u00e9 de se admirar que esse evangelho era tido em alta conta na Igreja primitiva e era sempre lido em p\u00fablico aos domingos. Infelizmente n\u00e3o \u00e9 mais assim hoje! Ser\u00e1 isso resultado das dificuldades em interpret\u00e1-lo, ou ser\u00e1 que o cora\u00e7\u00e3o do homem \u00e9 por demais orgulhoso, fazendo com que o Deus de Sabedoria esconda a luz de Seu rosto?<br \/>\nNeste volume, o autor compartilha o que ele mesmo ganhou rebuscando no Evangelho de Mateus. Se o querido leitor se aproximar desse evangelho com esp\u00edrito humilde e em ora\u00e7\u00e3o, como uma criancinha em Cristo, possuir\u00e1 a chave de Davi pela qual ser-lhe-\u00e1 revelada toda a plenitude do tesouro do Pal\u00e1cio do Rei.<br \/>\n&#8220;Por aquele tempo, exclamou Jesus: Gra\u00e7as te dou, \u00f3 Pai, Senhor do c\u00e9u e da terra, porque ocultaste estas coisas aos s\u00e1bios e instru\u00eddos e as revelastes aos pequeninos&#8221; (Mt 11:25).<\/p>\n","protected":false},"excerpt":{"rendered":"<p>Watchman Nee certa vez comentou: &#8220;Mateus \u00e9 dez vezes mais dif\u00edcil de interpretar que o Livro de Apocalipse&#8221;. N\u00e3o \u00e9&hellip;<\/p>\n","protected":false},"featured_media":347922,"comment_status":"open","ping_status":"closed","template":"","meta":[],"product_cat":[161,134],"product_tag":[],"_links":{"self":[{"href":"https:\/\/www.livrariarema.com.br\/loja\/wp-json\/wp\/v2\/product\/53454"}],"collection":[{"href":"https:\/\/www.livrariarema.com.br\/loja\/wp-json\/wp\/v2\/product"}],"about":[{"href":"https:\/\/www.livrariarema.com.br\/loja\/wp-json\/wp\/v2\/types\/product"}],"replies":[{"embeddable":true,"href":"https:\/\/www.livrariarema.com.br\/loja\/wp-json\/wp\/v2\/comments?post=53454"}],"wp:featuredmedia":[{"embeddable":true,"href":"https:\/\/www.livrariarema.com.br\/loja\/wp-json\/wp\/v2\/media\/347922"}],"wp:attachment":[{"href":"https:\/\/www.livrariarema.com.br\/loja\/wp-json\/wp\/v2\/media?parent=53454"}],"wp:term":[{"taxonomy":"product_cat","embeddable":true,"href":"https:\/\/www.livrariarema.com.br\/loja\/wp-json\/wp\/v2\/product_cat?post=53454"},{"taxonomy":"product_tag","embeddable":true,"href":"https:\/\/www.livrariarema.com.br\/loja\/wp-json\/wp\/v2\/product_tag?post=53454"}],"curies":[{"name":"wp","href":"https:\/\/api.w.org\/{rel}","templated":true}]}}