{"id":53528,"date":"2021-01-21T17:38:16","date_gmt":"2021-01-21T20:38:16","guid":{"rendered":"https:\/\/www.livrariarema.com.br\/loja\/produtos\/sem%20categoria\/arc087tilexglv-biblia-letra-extragigante-preta\/"},"modified":"2026-02-12T12:50:37","modified_gmt":"2026-02-12T15:50:37","slug":"arc087tilexglv-biblia-letra-extragigante-preta","status":"publish","type":"product","link":"https:\/\/www.livrariarema.com.br\/loja\/produtos\/biblias\/revista-corrigida-biblias\/arc087tilexglv-biblia-letra-extragigante-preta\/","title":{"rendered":"Arc087tilexglv &#8211; Biblia Letra Extragigante &#8211; Preta"},"content":{"rendered":"<p>Com tamanho de letra extragigante, este modelo da B\u00edblia Sagrada oferece mais conforto na leitura, especialmente ao grupo da terceira idade ou \u00e0quelas pessoas com problemas leves de vis\u00e3o.<\/p>\n<p>RECURSOS:<br \/>\n-Como encontrar ajuda na B\u00edblia<br \/>\n-Leituras para dias especiais<br \/>\n-Mapas coloridos<br \/>\n-Notas e refer\u00eancia b\u00edblicas<br \/>\n-O que a B\u00edblia diz sobre o perd\u00e3o de Deus<br \/>\n-Tabela de pesos-moedas e medidas<\/p>\n","protected":false},"excerpt":{"rendered":"<p>Com tamanho de letra extragigante, este modelo da B\u00edblia Sagrada oferece mais conforto na leitura, especialmente ao grupo da terceira&hellip;<\/p>\n","protected":false},"featured_media":343711,"comment_status":"open","ping_status":"closed","template":"","meta":[],"product_cat":[139,149],"product_tag":[],"_links":{"self":[{"href":"https:\/\/www.livrariarema.com.br\/loja\/wp-json\/wp\/v2\/product\/53528"}],"collection":[{"href":"https:\/\/www.livrariarema.com.br\/loja\/wp-json\/wp\/v2\/product"}],"about":[{"href":"https:\/\/www.livrariarema.com.br\/loja\/wp-json\/wp\/v2\/types\/product"}],"replies":[{"embeddable":true,"href":"https:\/\/www.livrariarema.com.br\/loja\/wp-json\/wp\/v2\/comments?post=53528"}],"wp:featuredmedia":[{"embeddable":true,"href":"https:\/\/www.livrariarema.com.br\/loja\/wp-json\/wp\/v2\/media\/343711"}],"wp:attachment":[{"href":"https:\/\/www.livrariarema.com.br\/loja\/wp-json\/wp\/v2\/media?parent=53528"}],"wp:term":[{"taxonomy":"product_cat","embeddable":true,"href":"https:\/\/www.livrariarema.com.br\/loja\/wp-json\/wp\/v2\/product_cat?post=53528"},{"taxonomy":"product_tag","embeddable":true,"href":"https:\/\/www.livrariarema.com.br\/loja\/wp-json\/wp\/v2\/product_tag?post=53528"}],"curies":[{"name":"wp","href":"https:\/\/api.w.org\/{rel}","templated":true}]}}