{"id":53833,"date":"2021-01-22T08:43:52","date_gmt":"2021-01-22T11:43:52","guid":{"rendered":"https:\/\/www.livrariarema.com.br\/loja\/produtos\/sem%20categoria\/origem-da-idolatria-a-mauro-meister\/"},"modified":"2026-02-20T13:29:12","modified_gmt":"2026-02-20T16:29:12","slug":"origem-da-idolatria-a-mauro-meister","status":"publish","type":"product","link":"https:\/\/www.livrariarema.com.br\/loja\/produtos\/livros\/teologia\/origem-da-idolatria-a-mauro-meister\/","title":{"rendered":"Origem Da Idolatria, A &#8211; Mauro Meister"},"content":{"rendered":"<p>Nesta introdu\u00e7\u00e3o ao tema da idolatria, o autor procura mostrar que, ainda que esse pecado costume se manifestar exteriormente e seja potencializado por meios externos, ele brota sempre do cora\u00e7\u00e3o humano.<\/p>\n<p>Para entender essa realidade, Mauro Meister prop\u00f5e em A origem da idolatria uma breve teologia b\u00edblica do tema, apontando para algumas das manifesta\u00e7\u00f5es contempor\u00e2neas mais comuns da idolatria entre os pr\u00f3prios crist\u00e3os e, por fim, discutindo caminhos para combat\u00ea-la em n\u00f3s mesmos.<\/p>\n","protected":false},"excerpt":{"rendered":"<p>Nesta introdu\u00e7\u00e3o ao tema da idolatria, o autor procura mostrar que, ainda que esse pecado costume se manifestar exteriormente e&hellip;<\/p>\n","protected":false},"featured_media":345060,"comment_status":"open","ping_status":"closed","template":"","meta":[],"product_cat":[134,136],"product_tag":[],"_links":{"self":[{"href":"https:\/\/www.livrariarema.com.br\/loja\/wp-json\/wp\/v2\/product\/53833"}],"collection":[{"href":"https:\/\/www.livrariarema.com.br\/loja\/wp-json\/wp\/v2\/product"}],"about":[{"href":"https:\/\/www.livrariarema.com.br\/loja\/wp-json\/wp\/v2\/types\/product"}],"replies":[{"embeddable":true,"href":"https:\/\/www.livrariarema.com.br\/loja\/wp-json\/wp\/v2\/comments?post=53833"}],"wp:featuredmedia":[{"embeddable":true,"href":"https:\/\/www.livrariarema.com.br\/loja\/wp-json\/wp\/v2\/media\/345060"}],"wp:attachment":[{"href":"https:\/\/www.livrariarema.com.br\/loja\/wp-json\/wp\/v2\/media?parent=53833"}],"wp:term":[{"taxonomy":"product_cat","embeddable":true,"href":"https:\/\/www.livrariarema.com.br\/loja\/wp-json\/wp\/v2\/product_cat?post=53833"},{"taxonomy":"product_tag","embeddable":true,"href":"https:\/\/www.livrariarema.com.br\/loja\/wp-json\/wp\/v2\/product_tag?post=53833"}],"curies":[{"name":"wp","href":"https:\/\/api.w.org\/{rel}","templated":true}]}}