{"id":53837,"date":"2021-01-22T08:43:59","date_gmt":"2021-01-22T11:43:59","guid":{"rendered":"https:\/\/www.livrariarema.com.br\/loja\/produtos\/sem%20categoria\/atividades-biblicas-cristina-marques\/"},"modified":"2025-08-01T12:30:29","modified_gmt":"2025-08-01T15:30:29","slug":"atividades-biblicas-cristina-marques","status":"publish","type":"product","link":"https:\/\/www.livrariarema.com.br\/loja\/produtos\/livros\/infantil\/atividades-biblicas-cristina-marques\/","title":{"rendered":"Atividades B\u00edblicas &#8211; Cristina Marques"},"content":{"rendered":"<p>Atividades B\u00edblicas \u00e9 uma obra elaborada com o prop\u00f3sito de ensinar a palavra de Deus de forma l\u00fadica.<br \/>\nPossui desafios e atividades para diversas faixas et\u00e1rias, com curiosidades e infoma\u00e7\u00f5es que enriquecer\u00e3o o conhecimento do povo crist\u00e3o.<\/p>\n","protected":false},"excerpt":{"rendered":"<p>Atividades B\u00edblicas \u00e9 uma obra elaborada com o prop\u00f3sito de ensinar a palavra de Deus de forma l\u00fadica. Possui desafios&hellip;<\/p>\n","protected":false},"featured_media":159725,"comment_status":"open","ping_status":"closed","template":"","meta":[],"product_cat":[144,134],"product_tag":[],"_links":{"self":[{"href":"https:\/\/www.livrariarema.com.br\/loja\/wp-json\/wp\/v2\/product\/53837"}],"collection":[{"href":"https:\/\/www.livrariarema.com.br\/loja\/wp-json\/wp\/v2\/product"}],"about":[{"href":"https:\/\/www.livrariarema.com.br\/loja\/wp-json\/wp\/v2\/types\/product"}],"replies":[{"embeddable":true,"href":"https:\/\/www.livrariarema.com.br\/loja\/wp-json\/wp\/v2\/comments?post=53837"}],"wp:featuredmedia":[{"embeddable":true,"href":"https:\/\/www.livrariarema.com.br\/loja\/wp-json\/wp\/v2\/media\/159725"}],"wp:attachment":[{"href":"https:\/\/www.livrariarema.com.br\/loja\/wp-json\/wp\/v2\/media?parent=53837"}],"wp:term":[{"taxonomy":"product_cat","embeddable":true,"href":"https:\/\/www.livrariarema.com.br\/loja\/wp-json\/wp\/v2\/product_cat?post=53837"},{"taxonomy":"product_tag","embeddable":true,"href":"https:\/\/www.livrariarema.com.br\/loja\/wp-json\/wp\/v2\/product_tag?post=53837"}],"curies":[{"name":"wp","href":"https:\/\/api.w.org\/{rel}","templated":true}]}}