{"id":53846,"date":"2021-01-22T08:44:11","date_gmt":"2021-01-22T11:44:11","guid":{"rendered":"https:\/\/www.livrariarema.com.br\/loja\/produtos\/sem%20categoria\/oracoes-para-os-pequeninos-oracoes-para-meninos\/"},"modified":"2026-03-25T14:45:51","modified_gmt":"2026-03-25T17:45:51","slug":"oracoes-para-os-pequeninos-oracoes-para-meninos","status":"publish","type":"product","link":"https:\/\/www.livrariarema.com.br\/loja\/produtos\/livros\/infantil\/oracoes-para-os-pequeninos-oracoes-para-meninos\/","title":{"rendered":"Ora\u00e7\u00f5es Para Os Pequeninos: Ora\u00e7\u00f5es Para Meninos"},"content":{"rendered":"<p>Com este ador\u00e1vel livro de ora\u00e7\u00f5es, os meninos v\u00e3o aprender que podem falar com Deus em qualquer situa\u00e7\u00e3o. Uma inspira\u00e7\u00e3o para uma verdadeira amizade com Deus atrav\u00e9s da ora\u00e7\u00e3o di\u00e1ria.<\/p>\n","protected":false},"excerpt":{"rendered":"<p>Com este ador\u00e1vel livro de ora\u00e7\u00f5es, os meninos v\u00e3o aprender que podem falar com Deus em qualquer situa\u00e7\u00e3o. Uma inspira\u00e7\u00e3o&hellip;<\/p>\n","protected":false},"featured_media":344354,"comment_status":"open","ping_status":"closed","template":"","meta":[],"product_cat":[144,134],"product_tag":[],"_links":{"self":[{"href":"https:\/\/www.livrariarema.com.br\/loja\/wp-json\/wp\/v2\/product\/53846"}],"collection":[{"href":"https:\/\/www.livrariarema.com.br\/loja\/wp-json\/wp\/v2\/product"}],"about":[{"href":"https:\/\/www.livrariarema.com.br\/loja\/wp-json\/wp\/v2\/types\/product"}],"replies":[{"embeddable":true,"href":"https:\/\/www.livrariarema.com.br\/loja\/wp-json\/wp\/v2\/comments?post=53846"}],"wp:featuredmedia":[{"embeddable":true,"href":"https:\/\/www.livrariarema.com.br\/loja\/wp-json\/wp\/v2\/media\/344354"}],"wp:attachment":[{"href":"https:\/\/www.livrariarema.com.br\/loja\/wp-json\/wp\/v2\/media?parent=53846"}],"wp:term":[{"taxonomy":"product_cat","embeddable":true,"href":"https:\/\/www.livrariarema.com.br\/loja\/wp-json\/wp\/v2\/product_cat?post=53846"},{"taxonomy":"product_tag","embeddable":true,"href":"https:\/\/www.livrariarema.com.br\/loja\/wp-json\/wp\/v2\/product_tag?post=53846"}],"curies":[{"name":"wp","href":"https:\/\/api.w.org\/{rel}","templated":true}]}}