{"id":53859,"date":"2021-01-22T08:44:31","date_gmt":"2021-01-22T11:44:31","guid":{"rendered":"https:\/\/www.livrariarema.com.br\/loja\/produtos\/sem%20categoria\/historias-biblicas-favoritas-daniel-e-os-leoes\/"},"modified":"2026-02-28T11:37:12","modified_gmt":"2026-02-28T14:37:12","slug":"historias-biblicas-favoritas-daniel-e-os-leoes","status":"publish","type":"product","link":"https:\/\/www.livrariarema.com.br\/loja\/produtos\/livros\/infantil\/historias-biblicas-favoritas-daniel-e-os-leoes\/","title":{"rendered":"Hist\u00f3rias B\u00edblicas Favoritas &#8211; Daniel E Os Le\u00f5es"},"content":{"rendered":"<p>Os mais importantes e conhecidos personagens da B\u00edblia est\u00e3o presentes nesta fascinante cole\u00e7\u00e3o. Com lindas ilustra\u00e7\u00f5es e com linguagem simples e envolvente, estas maravilhosas hist\u00f3rias ajudam a formar os primeiros valores espirituais na crian\u00e7a. Por sua fidelidade a Deus, Daniel foi acusado e condenado injustamente, e atirado na cova de le\u00f5es famintos. No entanto, ele confiou em Deus que enviou um anjo para fechar a boca das feras e salv\u00e1-lo.<\/p>\n","protected":false},"excerpt":{"rendered":"<p>Os mais importantes e conhecidos personagens da B\u00edblia est\u00e3o presentes nesta fascinante cole\u00e7\u00e3o. Com lindas ilustra\u00e7\u00f5es e com linguagem simples&hellip;<\/p>\n","protected":false},"featured_media":331578,"comment_status":"open","ping_status":"closed","template":"","meta":[],"product_cat":[144,134],"product_tag":[],"_links":{"self":[{"href":"https:\/\/www.livrariarema.com.br\/loja\/wp-json\/wp\/v2\/product\/53859"}],"collection":[{"href":"https:\/\/www.livrariarema.com.br\/loja\/wp-json\/wp\/v2\/product"}],"about":[{"href":"https:\/\/www.livrariarema.com.br\/loja\/wp-json\/wp\/v2\/types\/product"}],"replies":[{"embeddable":true,"href":"https:\/\/www.livrariarema.com.br\/loja\/wp-json\/wp\/v2\/comments?post=53859"}],"wp:featuredmedia":[{"embeddable":true,"href":"https:\/\/www.livrariarema.com.br\/loja\/wp-json\/wp\/v2\/media\/331578"}],"wp:attachment":[{"href":"https:\/\/www.livrariarema.com.br\/loja\/wp-json\/wp\/v2\/media?parent=53859"}],"wp:term":[{"taxonomy":"product_cat","embeddable":true,"href":"https:\/\/www.livrariarema.com.br\/loja\/wp-json\/wp\/v2\/product_cat?post=53859"},{"taxonomy":"product_tag","embeddable":true,"href":"https:\/\/www.livrariarema.com.br\/loja\/wp-json\/wp\/v2\/product_tag?post=53859"}],"curies":[{"name":"wp","href":"https:\/\/api.w.org\/{rel}","templated":true}]}}