{"id":53863,"date":"2021-01-22T08:44:38","date_gmt":"2021-01-22T11:44:38","guid":{"rendered":"https:\/\/www.livrariarema.com.br\/loja\/produtos\/sem%20categoria\/historias-biblicas-favoritas-ester\/"},"modified":"2026-03-04T09:41:20","modified_gmt":"2026-03-04T12:41:20","slug":"historias-biblicas-favoritas-ester","status":"publish","type":"product","link":"https:\/\/www.livrariarema.com.br\/loja\/produtos\/livros\/infantil\/historias-biblicas-favoritas-ester\/","title":{"rendered":"Hist\u00f3rias B\u00edblicas Favoritas &#8211; Ester"},"content":{"rendered":"<p>Os mais importantes e conhecidos personagens da B\u00edblia est\u00e3o presentes nesta fascinante cole\u00e7\u00e3o. Com lindas ilustra\u00e7\u00f5es e com linguagem simples e envolvente, estas maravilhosas hist\u00f3rias ajudam a formar os primeiros valores espirituais na crian\u00e7a. Por n\u00e3o querer cumprir a miss\u00e3o que Deus lhe confiou, Jonas v\u00ea-se diante de diversos problemas, os quais tamb\u00e9m afetam a vida dos outros. A partir do momento em que ele se arrepende e decide fazer a vontade de Deus, tudo volta a dar certo, a paz acontece e o mal \u00e9 evitado.<\/p>\n","protected":false},"excerpt":{"rendered":"<p>Os mais importantes e conhecidos personagens da B\u00edblia est\u00e3o presentes nesta fascinante cole\u00e7\u00e3o. Com lindas ilustra\u00e7\u00f5es e com linguagem simples&hellip;<\/p>\n","protected":false},"featured_media":344358,"comment_status":"open","ping_status":"closed","template":"","meta":[],"product_cat":[144,134],"product_tag":[],"_links":{"self":[{"href":"https:\/\/www.livrariarema.com.br\/loja\/wp-json\/wp\/v2\/product\/53863"}],"collection":[{"href":"https:\/\/www.livrariarema.com.br\/loja\/wp-json\/wp\/v2\/product"}],"about":[{"href":"https:\/\/www.livrariarema.com.br\/loja\/wp-json\/wp\/v2\/types\/product"}],"replies":[{"embeddable":true,"href":"https:\/\/www.livrariarema.com.br\/loja\/wp-json\/wp\/v2\/comments?post=53863"}],"wp:featuredmedia":[{"embeddable":true,"href":"https:\/\/www.livrariarema.com.br\/loja\/wp-json\/wp\/v2\/media\/344358"}],"wp:attachment":[{"href":"https:\/\/www.livrariarema.com.br\/loja\/wp-json\/wp\/v2\/media?parent=53863"}],"wp:term":[{"taxonomy":"product_cat","embeddable":true,"href":"https:\/\/www.livrariarema.com.br\/loja\/wp-json\/wp\/v2\/product_cat?post=53863"},{"taxonomy":"product_tag","embeddable":true,"href":"https:\/\/www.livrariarema.com.br\/loja\/wp-json\/wp\/v2\/product_tag?post=53863"}],"curies":[{"name":"wp","href":"https:\/\/api.w.org\/{rel}","templated":true}]}}