{"id":53894,"date":"2021-01-22T08:45:37","date_gmt":"2021-01-22T11:45:37","guid":{"rendered":"https:\/\/www.livrariarema.com.br\/loja\/produtos\/sem%20categoria\/atividades-biblicas-diversos-titulos-unitario\/"},"modified":"2024-11-03T15:26:17","modified_gmt":"2024-11-03T18:26:17","slug":"atividades-biblicas-diversos-titulos-unitario","status":"publish","type":"product","link":"https:\/\/www.livrariarema.com.br\/loja\/produtos\/livros\/infantil\/atividades-biblicas-diversos-titulos-unitario\/","title":{"rendered":"Atividades B\u00edblicas &#8211; Diversos T\u00edtulos &#8211; Unit\u00e1rio"},"content":{"rendered":"<p>Atividades B\u00edblicas \u00e9 uma cole\u00e7\u00e3o elaborada com o prop\u00f3sito de ensinar a Palavra de Deus de forma l\u00fadica. Desafios e atividades para diversas faixas et\u00e1rias com curiosidades e informa\u00e7\u00f5es que enriquecer\u00e3o o conhecimento do povo crist\u00e3o. Cruzadinhas, labirintos, jogos dos sete erros, ca\u00e7a-palavras e muito mais. Excelente op\u00e7\u00e3o para gincanas ou atividades na escola b\u00edblica, bem como momentos de divers\u00e3o para toda a fam\u00edlia! <BR><br \/>\n<BR><br \/>\nT\u00edtulos Dispon\u00edveis:<BR><br \/>\n1- Curiosidades da B\u00edblia <BR><br \/>\n2- Ligue os Pontos <BR><br \/>\n3- Ca\u00e7a Palavras <BR><br \/>\n4- Vamos Encontrar <BR><br \/>\n5- Labirinto <BR><br \/>\n6- Vamos Colorir <BR><br \/>\n7- Cruzadinhas <BR><br \/>\n8- Carta Enigm\u00e1tica <BR><br \/>\n9- Sete Erros <BR><br \/>\n10- Pinte os Espa\u00e7os<BR><\/p>\n","protected":false},"excerpt":{"rendered":"<p>Atividades B\u00edblicas \u00e9 uma cole\u00e7\u00e3o elaborada com o prop\u00f3sito de ensinar a Palavra de Deus de forma l\u00fadica. Desafios e&hellip;<\/p>\n","protected":false},"featured_media":300369,"comment_status":"open","ping_status":"closed","template":"","meta":[],"product_cat":[144,134],"product_tag":[],"_links":{"self":[{"href":"https:\/\/www.livrariarema.com.br\/loja\/wp-json\/wp\/v2\/product\/53894"}],"collection":[{"href":"https:\/\/www.livrariarema.com.br\/loja\/wp-json\/wp\/v2\/product"}],"about":[{"href":"https:\/\/www.livrariarema.com.br\/loja\/wp-json\/wp\/v2\/types\/product"}],"replies":[{"embeddable":true,"href":"https:\/\/www.livrariarema.com.br\/loja\/wp-json\/wp\/v2\/comments?post=53894"}],"wp:featuredmedia":[{"embeddable":true,"href":"https:\/\/www.livrariarema.com.br\/loja\/wp-json\/wp\/v2\/media\/300369"}],"wp:attachment":[{"href":"https:\/\/www.livrariarema.com.br\/loja\/wp-json\/wp\/v2\/media?parent=53894"}],"wp:term":[{"taxonomy":"product_cat","embeddable":true,"href":"https:\/\/www.livrariarema.com.br\/loja\/wp-json\/wp\/v2\/product_cat?post=53894"},{"taxonomy":"product_tag","embeddable":true,"href":"https:\/\/www.livrariarema.com.br\/loja\/wp-json\/wp\/v2\/product_tag?post=53894"}],"curies":[{"name":"wp","href":"https:\/\/api.w.org\/{rel}","templated":true}]}}