{"id":53908,"date":"2021-01-22T08:46:03","date_gmt":"2021-01-22T11:46:03","guid":{"rendered":"https:\/\/www.livrariarema.com.br\/loja\/produtos\/sem%20categoria\/cartas-a-malcolm-c-s-lewis\/"},"modified":"2026-03-04T12:35:44","modified_gmt":"2026-03-04T15:35:44","slug":"cartas-a-malcolm-c-s-lewis","status":"publish","type":"product","link":"https:\/\/www.livrariarema.com.br\/loja\/produtos\/livros\/ficcao\/cartas-a-malcolm-c-s-lewis\/","title":{"rendered":"Cartas A Malcolm &#8211; C. S. Lewis"},"content":{"rendered":"<p>Malcolm \u00e9 um amigo fict\u00edcio de Lewis. Mas este o fez muito real. Deu-lhe uma esposa, Betty; um filho doente, George; uma casa com escadas em outra cidade; amigos comuns. Deu-lhe vasta cultura e liberdade de discordar do amigo. Viajaram juntos, conversaram, trocaram confid\u00eancias, quase trocaram socos. Malcolm chamou a aten\u00e7\u00e3o de Lewis por este tentar guardar uma dor. \u00c9 anglicano como Lewis, incomodado com quest\u00f5es relativas \u00e0 liturgia e \u00e0 ressurrei\u00e7\u00e3o. Por isso, trocam cartas francas sobre esses assuntos, mas principalmente sobre ora\u00e7\u00e3o.<\/p>\n<p>Neste livro Cartas a Malcolm o autor C.S. Lewis constr\u00f3i di\u00e1logos imagin\u00e1rios (argumentos, r\u00e9plicas, tr\u00e9plicas) de maneira primorosa. Sua linguagem \u00e9, por vezes, truncada, abrupta, repetitiva, com imagens n\u00e3o facilmente compreens\u00edveis. Mas isso \u00e9 compreens\u00edvel: s\u00e3o amigos conversando, amigos com uma hist\u00f3ria em comum. Voc\u00ea estar\u00e1 espionando sua intimidade, seu m\u00fatuo abrir de almas.<\/p>\n<p>Por meio de 22 cartas C.S. Lewis de maneira profunda e com sabedoria, compartilha sua compress\u00e3o do papel da ora\u00e7\u00e3o em nossa vida e as maneiras pelas quais podemos imaginar melhor nosso relacionamento com Deus.<\/p>\n<p>Neste livro Cartas a Malcolm do autor C.S. Lewis o leitor ser\u00e1 desafiados a revisitar o poder da ora\u00e7\u00e3o em todas as esferas da vida, pois &#8220;n\u00e3o temos atividades n\u00e3o religiosas&#8221;, escreve ele, &#8220;somente religiosas e irreligiosas.<\/p>\n","protected":false},"excerpt":{"rendered":"<p>Malcolm \u00e9 um amigo fict\u00edcio de Lewis. Mas este o fez muito real. Deu-lhe uma esposa, Betty; um filho doente,&hellip;<\/p>\n","protected":false},"featured_media":345819,"comment_status":"open","ping_status":"closed","template":"","meta":[],"product_cat":[162,134],"product_tag":[],"_links":{"self":[{"href":"https:\/\/www.livrariarema.com.br\/loja\/wp-json\/wp\/v2\/product\/53908"}],"collection":[{"href":"https:\/\/www.livrariarema.com.br\/loja\/wp-json\/wp\/v2\/product"}],"about":[{"href":"https:\/\/www.livrariarema.com.br\/loja\/wp-json\/wp\/v2\/types\/product"}],"replies":[{"embeddable":true,"href":"https:\/\/www.livrariarema.com.br\/loja\/wp-json\/wp\/v2\/comments?post=53908"}],"wp:featuredmedia":[{"embeddable":true,"href":"https:\/\/www.livrariarema.com.br\/loja\/wp-json\/wp\/v2\/media\/345819"}],"wp:attachment":[{"href":"https:\/\/www.livrariarema.com.br\/loja\/wp-json\/wp\/v2\/media?parent=53908"}],"wp:term":[{"taxonomy":"product_cat","embeddable":true,"href":"https:\/\/www.livrariarema.com.br\/loja\/wp-json\/wp\/v2\/product_cat?post=53908"},{"taxonomy":"product_tag","embeddable":true,"href":"https:\/\/www.livrariarema.com.br\/loja\/wp-json\/wp\/v2\/product_tag?post=53908"}],"curies":[{"name":"wp","href":"https:\/\/api.w.org\/{rel}","templated":true}]}}