{"id":53912,"date":"2021-01-22T08:46:11","date_gmt":"2021-01-22T11:46:11","guid":{"rendered":"https:\/\/www.livrariarema.com.br\/loja\/produtos\/sem%20categoria\/historias-e-passatempos-biblicos-diversos-titulos\/"},"modified":"2026-04-04T11:21:23","modified_gmt":"2026-04-04T14:21:23","slug":"historias-e-passatempos-biblicos-diversos-titulos","status":"publish","type":"product","link":"https:\/\/www.livrariarema.com.br\/loja\/produtos\/livros\/infantil\/historias-e-passatempos-biblicos-diversos-titulos\/","title":{"rendered":"Hist\u00f3rias E Passatempos B\u00edblicos &#8211; Diversos T\u00edtulos &#8211; Individual"},"content":{"rendered":"<p>Hist\u00f3rias da B\u00cdBLIA ensinadas com poesia e passatempos divertidos para a alegria das crian\u00e7as.<\/p>\n","protected":false},"excerpt":{"rendered":"<p>Hist\u00f3rias da B\u00cdBLIA ensinadas com poesia e passatempos divertidos para a alegria das crian\u00e7as.<\/p>\n","protected":false},"featured_media":304334,"comment_status":"open","ping_status":"closed","template":"","meta":[],"product_cat":[144,134],"product_tag":[],"_links":{"self":[{"href":"https:\/\/www.livrariarema.com.br\/loja\/wp-json\/wp\/v2\/product\/53912"}],"collection":[{"href":"https:\/\/www.livrariarema.com.br\/loja\/wp-json\/wp\/v2\/product"}],"about":[{"href":"https:\/\/www.livrariarema.com.br\/loja\/wp-json\/wp\/v2\/types\/product"}],"replies":[{"embeddable":true,"href":"https:\/\/www.livrariarema.com.br\/loja\/wp-json\/wp\/v2\/comments?post=53912"}],"wp:featuredmedia":[{"embeddable":true,"href":"https:\/\/www.livrariarema.com.br\/loja\/wp-json\/wp\/v2\/media\/304334"}],"wp:attachment":[{"href":"https:\/\/www.livrariarema.com.br\/loja\/wp-json\/wp\/v2\/media?parent=53912"}],"wp:term":[{"taxonomy":"product_cat","embeddable":true,"href":"https:\/\/www.livrariarema.com.br\/loja\/wp-json\/wp\/v2\/product_cat?post=53912"},{"taxonomy":"product_tag","embeddable":true,"href":"https:\/\/www.livrariarema.com.br\/loja\/wp-json\/wp\/v2\/product_tag?post=53912"}],"curies":[{"name":"wp","href":"https:\/\/api.w.org\/{rel}","templated":true}]}}