{"id":53958,"date":"2021-01-22T08:47:50","date_gmt":"2021-01-22T11:47:50","guid":{"rendered":"https:\/\/www.livrariarema.com.br\/loja\/produtos\/sem%20categoria\/biblia-em-acao-de-estudo-capa-luxo-vermelha\/"},"modified":"2025-11-03T13:10:57","modified_gmt":"2025-11-03T16:10:57","slug":"biblia-em-acao-de-estudo-capa-luxo-vermelha","status":"publish","type":"product","link":"https:\/\/www.livrariarema.com.br\/loja\/produtos\/biblias\/juvenil-biblias\/biblia-em-acao-de-estudo-capa-luxo-vermelha\/","title":{"rendered":"B\u00edblia Em A\u00e7\u00e3o De Estudo &#8211; Capa Luxo &#8211; Vermelha"},"content":{"rendered":"<p>Veja a Palavra de Deus ganhar vida diante de seus olhos! A premiada B\u00edblia em A\u00e7\u00e3o, com mais de 200 hist\u00f3rias e 750 p\u00e1ginas de magn\u00edficas ilustra\u00e7\u00f5es do quadrinista Sergio Cariello, ganha, com esta obra, um complemento \u00e0 sua altura. A B\u00edblia em A\u00e7\u00e3o de Estudo \u00e9 um novo recurso que ajudar\u00e1 o leitor a entender e se identificar com a verdade eterna da Palavra de Deus. Esta obra inclui recursos dentro do texto, novas ilustra\u00e7\u00f5es e um guia que mostra onde as hist\u00f3rias est\u00e3o ilustradas na B\u00edblia em A\u00e7\u00e3o.<\/p>\n<p>Quando a garotada estiver pronta para ir al\u00e9m da representa\u00e7\u00e3o visual da B\u00edblia, o que \u00e9 poss\u00edvel por meio do best seller B\u00edblia em A\u00e7\u00e3o, se sentir\u00e1 \u00e0 vontade para explorar a B\u00edblia em A\u00e7\u00e3o de Estudo, a fim de aprender a estudar e aplicar a Palavra de Deus. Al\u00e9m disso, a tradu\u00e7\u00e3o A Mensagem, par\u00e1frase do pastor e escritor Eugene Peterson, ajuda na compreens\u00e3o do texto b\u00edblico e desperta ainda mais o interesse pelas Escrituras Sagradas.<\/p>\n<p>Nestas p\u00e1ginas, o leitor poder\u00e1 explorar mundos antigos e conhecer reis e rainhas fascinantes, guerreiros heroicos, profetas e disc\u00edpulos fi\u00e9is e, acima de tudo, Jesus Cristo, o Senhor. Ent\u00e3o, eles ver\u00e3o, em suas pr\u00f3prias vidas, DEUS EM A\u00c7\u00c3O!<\/p>\n<p>Projetada para promover uma liga\u00e7\u00e3o forte entre o jovem leitor e Deus, a B\u00edblia em A\u00e7\u00e3o de Estudo tem uma s\u00e9rie de atrativos:<\/p>\n<p>&#8211; Oferece uma compreens\u00e3o mais profunda da B\u00edblia aos pr\u00e9-adolescentes<br \/>\n&#8211; Traz o texto completo da excelente vers\u00e3o A Mensagem, com sua linguagem mais que apropriada \u00e0quela faixa et\u00e1ria<br \/>\n&#8211; Possui formato moderno e interativo<br \/>\n&#8211; Inclui excelentes guias de estudo, prop\u00f5e atividades estimulantes e traz ilustra\u00e7\u00f5es que v\u00e3o agradar em cheio ao gosto da garotada.<\/p>\n","protected":false},"excerpt":{"rendered":"<p>Veja a Palavra de Deus ganhar vida diante de seus olhos! A premiada B\u00edblia em A\u00e7\u00e3o, com mais de 200&hellip;<\/p>\n","protected":false},"featured_media":340428,"comment_status":"open","ping_status":"closed","template":"","meta":[],"product_cat":[139,192],"product_tag":[],"_links":{"self":[{"href":"https:\/\/www.livrariarema.com.br\/loja\/wp-json\/wp\/v2\/product\/53958"}],"collection":[{"href":"https:\/\/www.livrariarema.com.br\/loja\/wp-json\/wp\/v2\/product"}],"about":[{"href":"https:\/\/www.livrariarema.com.br\/loja\/wp-json\/wp\/v2\/types\/product"}],"replies":[{"embeddable":true,"href":"https:\/\/www.livrariarema.com.br\/loja\/wp-json\/wp\/v2\/comments?post=53958"}],"wp:featuredmedia":[{"embeddable":true,"href":"https:\/\/www.livrariarema.com.br\/loja\/wp-json\/wp\/v2\/media\/340428"}],"wp:attachment":[{"href":"https:\/\/www.livrariarema.com.br\/loja\/wp-json\/wp\/v2\/media?parent=53958"}],"wp:term":[{"taxonomy":"product_cat","embeddable":true,"href":"https:\/\/www.livrariarema.com.br\/loja\/wp-json\/wp\/v2\/product_cat?post=53958"},{"taxonomy":"product_tag","embeddable":true,"href":"https:\/\/www.livrariarema.com.br\/loja\/wp-json\/wp\/v2\/product_tag?post=53958"}],"curies":[{"name":"wp","href":"https:\/\/api.w.org\/{rel}","templated":true}]}}