{"id":54081,"date":"2021-01-22T08:50:19","date_gmt":"2021-01-22T11:50:19","guid":{"rendered":"https:\/\/www.livrariarema.com.br\/loja\/produtos\/sem%20categoria\/ate-que-nada-mais-importe-luciano-subira\/"},"modified":"2026-03-13T16:46:44","modified_gmt":"2026-03-13T19:46:44","slug":"ate-que-nada-mais-importe-luciano-subira","status":"publish","type":"product","link":"https:\/\/www.livrariarema.com.br\/loja\/produtos\/livros\/vida-crista\/ate-que-nada-mais-importe-luciano-subira\/","title":{"rendered":"At\u00e9 Que Nada Mais Importe &#8211; Luciano Subir\u00e1"},"content":{"rendered":"<p>Com certeza podemos afirmar que o nosso &#8220;grande porqu\u00ea&#8221;, a raz\u00e3o de nossa exist\u00eancia, \u00e9 sentirmo-nos vivos indo al\u00e9m dos nossos limites. Estudamos, trabalhamos, nos alimentamos, nos exercitamos e procuramos dar um prop\u00f3sito \u00e0s nossas vidas, inclusive quando falamos em espiritualidade.<\/p>\n<p>Em At\u00e9 que nada mais importe, o respeitado pastor, autor e palestrante, Luciano Subir\u00e1 nos apresenta mais que um simples livro de inspira\u00e7\u00e3o crist\u00e3. Nestas p\u00e1ginas, seremos confrontados pela verdade de que n\u00e3o estamos aqui para viver uma vida ef\u00eamera e alucinada, correndo atr\u00e1s de performances. Estamos indo al\u00e9m dos nossos pr\u00f3prios limites em uma espiritualidade rasa, de longos e &#8220;inexplic\u00e1veis&#8221; jejuns, lendo a B\u00edblia repetidas vezes sem entendimento, realizando intermin\u00e1veis campanhas apenas pelo n\u00famero, apenas por uma simples meta proposta.<\/p>\n<p>Deus n\u00e3o quer ser agradado pelo que fazemos, pelos nossos recordes de jejuns ou leitura b\u00edblica. Ele espera que o busquemos com todo o nosso entendimento, que o amemos de todo o nosso cora\u00e7\u00e3o, de toda nossa alma at\u00e9 que o nosso relacionamento com ele seja a mais absoluta prioridade: At\u00e9 que nada mais importe!<\/p>\n","protected":false},"excerpt":{"rendered":"<p>Com certeza podemos afirmar que o nosso &#8220;grande porqu\u00ea&#8221;, a raz\u00e3o de nossa exist\u00eancia, \u00e9 sentirmo-nos vivos indo al\u00e9m dos&hellip;<\/p>\n","protected":false},"featured_media":346078,"comment_status":"open","ping_status":"closed","template":"","meta":[],"product_cat":[134,137],"product_tag":[],"_links":{"self":[{"href":"https:\/\/www.livrariarema.com.br\/loja\/wp-json\/wp\/v2\/product\/54081"}],"collection":[{"href":"https:\/\/www.livrariarema.com.br\/loja\/wp-json\/wp\/v2\/product"}],"about":[{"href":"https:\/\/www.livrariarema.com.br\/loja\/wp-json\/wp\/v2\/types\/product"}],"replies":[{"embeddable":true,"href":"https:\/\/www.livrariarema.com.br\/loja\/wp-json\/wp\/v2\/comments?post=54081"}],"wp:featuredmedia":[{"embeddable":true,"href":"https:\/\/www.livrariarema.com.br\/loja\/wp-json\/wp\/v2\/media\/346078"}],"wp:attachment":[{"href":"https:\/\/www.livrariarema.com.br\/loja\/wp-json\/wp\/v2\/media?parent=54081"}],"wp:term":[{"taxonomy":"product_cat","embeddable":true,"href":"https:\/\/www.livrariarema.com.br\/loja\/wp-json\/wp\/v2\/product_cat?post=54081"},{"taxonomy":"product_tag","embeddable":true,"href":"https:\/\/www.livrariarema.com.br\/loja\/wp-json\/wp\/v2\/product_tag?post=54081"}],"curies":[{"name":"wp","href":"https:\/\/api.w.org\/{rel}","templated":true}]}}