{"id":54145,"date":"2021-01-22T08:52:06","date_gmt":"2021-01-22T11:52:06","guid":{"rendered":"https:\/\/www.livrariarema.com.br\/loja\/produtos\/sem%20categoria\/preparando-se-para-a-volta-de-jesus-a-w-tozer\/"},"modified":"2026-04-22T12:30:43","modified_gmt":"2026-04-22T15:30:43","slug":"preparando-se-para-a-volta-de-jesus-a-w-tozer","status":"publish","type":"product","link":"https:\/\/www.livrariarema.com.br\/loja\/produtos\/livros\/apologetica\/preparando-se-para-a-volta-de-jesus-a-w-tozer\/","title":{"rendered":"Preparando-Se Para A Volta De Jesus &#8211; A. W. Tozer"},"content":{"rendered":"<p>No livro Preparando-se para a volta de Jesus, o renomado escritor A. W. Tozer faz um estudo in\u00e9dito sobre o livro de Apocalipse, desvendando a perspectiva do prop\u00f3sito da profecia, a qual nos far\u00e1 desviar um pouco o olhar do presente e coloc\u00e1-lo na eternidade.<\/p>\n<p>Por meio da leitura, ser\u00e1 poss\u00edvel ter uma ampla vis\u00e3o a respeito do que est\u00e1 por vir. O objetivo n\u00e3o \u00e9 deixar ningu\u00e9m alarmado com a quest\u00e3o, mas, sim, alertar sobre as circunst\u00e2ncias do segundo advento do Senhor. Tozer ressalta que, em um mundo repleto de incertezas, o consolo dos crist\u00e3os \u00e9 a bem-aventurada esperan\u00e7a de que o Filho de Deus em breve voltar\u00e1.<\/p>\n<p>Baseando-se nos ensinamentos do cap\u00edtulo 24 do livro de Mateus, ele tamb\u00e9m revela as caracter\u00edsticas do per\u00edodo que antecede a segunda vinda do Filho de Deus. Para os crist\u00e3os, a mensagem principal da obra \u00e9 que nenhuma das calamidades que assolam o mundo pode abalar a seguran\u00e7a e a confian\u00e7a de que Jesus Cristo voltar\u00e1.<\/p>\n","protected":false},"excerpt":{"rendered":"<p>No livro Preparando-se para a volta de Jesus, o renomado escritor A. W. Tozer faz um estudo in\u00e9dito sobre o&hellip;<\/p>\n","protected":false},"featured_media":322971,"comment_status":"open","ping_status":"closed","template":"","meta":[],"product_cat":[156,134],"product_tag":[],"_links":{"self":[{"href":"https:\/\/www.livrariarema.com.br\/loja\/wp-json\/wp\/v2\/product\/54145"}],"collection":[{"href":"https:\/\/www.livrariarema.com.br\/loja\/wp-json\/wp\/v2\/product"}],"about":[{"href":"https:\/\/www.livrariarema.com.br\/loja\/wp-json\/wp\/v2\/types\/product"}],"replies":[{"embeddable":true,"href":"https:\/\/www.livrariarema.com.br\/loja\/wp-json\/wp\/v2\/comments?post=54145"}],"wp:featuredmedia":[{"embeddable":true,"href":"https:\/\/www.livrariarema.com.br\/loja\/wp-json\/wp\/v2\/media\/322971"}],"wp:attachment":[{"href":"https:\/\/www.livrariarema.com.br\/loja\/wp-json\/wp\/v2\/media?parent=54145"}],"wp:term":[{"taxonomy":"product_cat","embeddable":true,"href":"https:\/\/www.livrariarema.com.br\/loja\/wp-json\/wp\/v2\/product_cat?post=54145"},{"taxonomy":"product_tag","embeddable":true,"href":"https:\/\/www.livrariarema.com.br\/loja\/wp-json\/wp\/v2\/product_tag?post=54145"}],"curies":[{"name":"wp","href":"https:\/\/api.w.org\/{rel}","templated":true}]}}