{"id":54147,"date":"2021-01-22T08:52:10","date_gmt":"2021-01-22T11:52:10","guid":{"rendered":"https:\/\/www.livrariarema.com.br\/loja\/produtos\/sem%20categoria\/kriptonita-john-bevere\/"},"modified":"2026-04-15T11:10:41","modified_gmt":"2026-04-15T14:10:41","slug":"kriptonita-john-bevere","status":"publish","type":"product","link":"https:\/\/www.livrariarema.com.br\/loja\/produtos\/livros\/crescimento-espiritual\/kriptonita-john-bevere\/","title":{"rendered":"Kriptonita &#8211; John Bevere"},"content":{"rendered":"<p>ASSIM COMO O SUPER-HOMEM, que pode saltar sobre qualquer obst\u00e1culo e derrotar todo inimigo, os seguidores de Cristo t\u00eam a habilidade sobrenatural de vencer os desafios que enfrentam. Por\u00e9m, o problema tanto para o Super-Homem como para n\u00f3s \u00e9 que existe uma kriptonita que rouba a nossa for\u00e7a.<\/p>\n<p>\u00c9 claro, o Super-Homem e a kriptonita s\u00e3o fict\u00edcios, mas a kriptonita espiritual n\u00e3o \u00e9.<\/p>\n<p>Este livro oferece respostas por que muitos de n\u00f3s somos incapazes de experimentar a for\u00e7a divina que era evidente dentre os crist\u00e3os do s\u00e9culo I.<\/p>\n<p>Em Kriptonita, John Bevere revela o que \u00e9 a kriptonita, por que ela est\u00e1 compromentendo as nossas comunidades e como libertar-se de sua escravid\u00e3o.<\/p>\n<p>N\u00e3o \u00e9 para os fracos de cora\u00e7\u00e3o, Kriptonira \u00e9 de acelerar a hiperatividade espiritual de qualquer um. Esta \u00e9 uma verdade s\u00e9ria para qualquer seguidor de Cristo que anseia abra\u00e7ar o caminho desafiador, mas recompensador, da transforma\u00e7\u00e3o.<\/p>\n","protected":false},"excerpt":{"rendered":"<p>ASSIM COMO O SUPER-HOMEM, que pode saltar sobre qualquer obst\u00e1culo e derrotar todo inimigo, os seguidores de Cristo t\u00eam a&hellip;<\/p>\n","protected":false},"featured_media":340536,"comment_status":"open","ping_status":"closed","template":"","meta":[],"product_cat":[147,134],"product_tag":[],"_links":{"self":[{"href":"https:\/\/www.livrariarema.com.br\/loja\/wp-json\/wp\/v2\/product\/54147"}],"collection":[{"href":"https:\/\/www.livrariarema.com.br\/loja\/wp-json\/wp\/v2\/product"}],"about":[{"href":"https:\/\/www.livrariarema.com.br\/loja\/wp-json\/wp\/v2\/types\/product"}],"replies":[{"embeddable":true,"href":"https:\/\/www.livrariarema.com.br\/loja\/wp-json\/wp\/v2\/comments?post=54147"}],"wp:featuredmedia":[{"embeddable":true,"href":"https:\/\/www.livrariarema.com.br\/loja\/wp-json\/wp\/v2\/media\/340536"}],"wp:attachment":[{"href":"https:\/\/www.livrariarema.com.br\/loja\/wp-json\/wp\/v2\/media?parent=54147"}],"wp:term":[{"taxonomy":"product_cat","embeddable":true,"href":"https:\/\/www.livrariarema.com.br\/loja\/wp-json\/wp\/v2\/product_cat?post=54147"},{"taxonomy":"product_tag","embeddable":true,"href":"https:\/\/www.livrariarema.com.br\/loja\/wp-json\/wp\/v2\/product_tag?post=54147"}],"curies":[{"name":"wp","href":"https:\/\/api.w.org\/{rel}","templated":true}]}}