{"id":54190,"date":"2021-01-22T08:53:31","date_gmt":"2021-01-22T11:53:31","guid":{"rendered":"https:\/\/www.livrariarema.com.br\/loja\/produtos\/sem%20categoria\/bem-vindo-espirito-santo-benny-hinn\/"},"modified":"2026-04-22T17:12:01","modified_gmt":"2026-04-22T20:12:01","slug":"bem-vindo-espirito-santo-benny-hinn","status":"publish","type":"product","link":"https:\/\/www.livrariarema.com.br\/loja\/produtos\/livros\/espiritualidade\/bem-vindo-espirito-santo-benny-hinn\/","title":{"rendered":"Bem-Vindo Esp\u00edrito Santo &#8211; Benny Hinn"},"content":{"rendered":"<p>&#8220;UM CL\u00c1SSICO SEMPRE ATUAL<\/p>\n<p>Em seu primeiro livro, Bom dia, Esp\u00edrito Santo, Benny Hinn apresentou o Esp\u00edrito Santo a milh\u00f5es de pessoas como um guia pessoal e amigo sempre presente. Mas ainda havia mais a dizer sobre a Terceira Pessoa da Trindade, o que o autor faz com propriedade em Bem-vindo, Esp\u00edrito Santo, livro que a Thomas Nelson Brasil traz de volta ao mercado em uma nova edi\u00e7\u00e3o revisada.<\/p>\n<p>Neste livro, voc\u00ea vai descobrir:<\/p>\n<p>&#8211; Como ter paix\u00e3o pelo poder divino<br \/>\n&#8211; Os nomes e t\u00edtulos do Esp\u00edrito Santo<br \/>\n&#8211; A obra do Esp\u00edrito na vida de Jesus Cristo<br \/>\n&#8211; A comunh\u00e3o transformadora com a Terceira Pessoa da Trindade<br \/>\n&#8211; Como remover as barreiras para as b\u00ean\u00e7\u00e3os<\/p>\n<p>Em Bem-Vindo, Esp\u00edrito Santo, a Terceira Pessoa da Trindade \u00e9 apresentada como o grande transformador da vida, cheio de poder para mudar a hist\u00f3ria do mundo &#8213; e a sua tamb\u00e9m!&#8221;<\/p>\n","protected":false},"excerpt":{"rendered":"<p>&#8220;UM CL\u00c1SSICO SEMPRE ATUAL Em seu primeiro livro, Bom dia, Esp\u00edrito Santo, Benny Hinn apresentou o Esp\u00edrito Santo a milh\u00f5es&hellip;<\/p>\n","protected":false},"featured_media":347074,"comment_status":"open","ping_status":"closed","template":"","meta":[],"product_cat":[160,134],"product_tag":[],"_links":{"self":[{"href":"https:\/\/www.livrariarema.com.br\/loja\/wp-json\/wp\/v2\/product\/54190"}],"collection":[{"href":"https:\/\/www.livrariarema.com.br\/loja\/wp-json\/wp\/v2\/product"}],"about":[{"href":"https:\/\/www.livrariarema.com.br\/loja\/wp-json\/wp\/v2\/types\/product"}],"replies":[{"embeddable":true,"href":"https:\/\/www.livrariarema.com.br\/loja\/wp-json\/wp\/v2\/comments?post=54190"}],"wp:featuredmedia":[{"embeddable":true,"href":"https:\/\/www.livrariarema.com.br\/loja\/wp-json\/wp\/v2\/media\/347074"}],"wp:attachment":[{"href":"https:\/\/www.livrariarema.com.br\/loja\/wp-json\/wp\/v2\/media?parent=54190"}],"wp:term":[{"taxonomy":"product_cat","embeddable":true,"href":"https:\/\/www.livrariarema.com.br\/loja\/wp-json\/wp\/v2\/product_cat?post=54190"},{"taxonomy":"product_tag","embeddable":true,"href":"https:\/\/www.livrariarema.com.br\/loja\/wp-json\/wp\/v2\/product_tag?post=54190"}],"curies":[{"name":"wp","href":"https:\/\/api.w.org\/{rel}","templated":true}]}}