{"id":54202,"date":"2021-01-22T08:53:53","date_gmt":"2021-01-22T11:53:53","guid":{"rendered":"https:\/\/www.livrariarema.com.br\/loja\/produtos\/sem%20categoria\/serie-herois-cristaos-ontem-e-hoje-hudson-taylor-janet-benge-e-geoff-benge\/"},"modified":"2026-04-20T10:40:31","modified_gmt":"2026-04-20T13:40:31","slug":"serie-herois-cristaos-ontem-e-hoje-hudson-taylor-janet-benge-e-geoff-benge","status":"publish","type":"product","link":"https:\/\/www.livrariarema.com.br\/loja\/produtos\/livros\/biografia\/serie-herois-cristaos-ontem-e-hoje-hudson-taylor-janet-benge-e-geoff-benge\/","title":{"rendered":"S\u00e9rie Her\u00f3is Crist\u00e3os Ontem E Hoje &#8211; Vol. 02 &#8211; Hudson Taylor &#8211; Janet Benge E Geoff Benge"},"content":{"rendered":"<p>&#8220;`A menos que Deus nos ajude, n\u00e3o h\u00e1 esperan\u00e7a`, gritou o capit\u00e3o Morris durante a tempestade. Hudson Taylor teve que concordar. De fato, o Dumfries poderia afundar nesse mesmo dia e ele nunca viveria para ver o litoral da China, uma terra cujo povo ele tinha certeza de que Deus o havia chamado.&#8221; <\/p>\n<p>Hudson sobreviveu \u00e0 perigosa viagem \u00e0 China. Com seu cora\u00e7\u00e3o determinado a obedecer a Deus e confiando na provis\u00e3o daquele que o havia chamado, Hudson superou o sofrimento e as enormes perdas para levar a verdade de Deus aos campos de colheita da China. <\/p>\n<p>Hoje, a hist\u00f3ria de Hudson Taylor continua a desafiar e a inspirar crentes jovens e velhos para levarem a mensagem de \u00e2ncora do evangelho, independente de lutas ou dificuldades pessoais, \u00e0queles que est\u00e3o \u00e0 deriva e sem esperan\u00e7a.<\/p>\n","protected":false},"excerpt":{"rendered":"<p>&#8220;`A menos que Deus nos ajude, n\u00e3o h\u00e1 esperan\u00e7a`, gritou o capit\u00e3o Morris durante a tempestade. Hudson Taylor teve que&hellip;<\/p>\n","protected":false},"featured_media":345057,"comment_status":"open","ping_status":"closed","template":"","meta":[],"product_cat":[181,134],"product_tag":[],"_links":{"self":[{"href":"https:\/\/www.livrariarema.com.br\/loja\/wp-json\/wp\/v2\/product\/54202"}],"collection":[{"href":"https:\/\/www.livrariarema.com.br\/loja\/wp-json\/wp\/v2\/product"}],"about":[{"href":"https:\/\/www.livrariarema.com.br\/loja\/wp-json\/wp\/v2\/types\/product"}],"replies":[{"embeddable":true,"href":"https:\/\/www.livrariarema.com.br\/loja\/wp-json\/wp\/v2\/comments?post=54202"}],"wp:featuredmedia":[{"embeddable":true,"href":"https:\/\/www.livrariarema.com.br\/loja\/wp-json\/wp\/v2\/media\/345057"}],"wp:attachment":[{"href":"https:\/\/www.livrariarema.com.br\/loja\/wp-json\/wp\/v2\/media?parent=54202"}],"wp:term":[{"taxonomy":"product_cat","embeddable":true,"href":"https:\/\/www.livrariarema.com.br\/loja\/wp-json\/wp\/v2\/product_cat?post=54202"},{"taxonomy":"product_tag","embeddable":true,"href":"https:\/\/www.livrariarema.com.br\/loja\/wp-json\/wp\/v2\/product_tag?post=54202"}],"curies":[{"name":"wp","href":"https:\/\/api.w.org\/{rel}","templated":true}]}}