{"id":54308,"date":"2021-01-22T08:57:26","date_gmt":"2021-01-22T11:57:26","guid":{"rendered":"https:\/\/www.livrariarema.com.br\/loja\/produtos\/sem%20categoria\/biblia-jesus-copy-lettering-naa\/"},"modified":"2026-03-26T17:21:10","modified_gmt":"2026-03-26T20:21:10","slug":"biblia-jesus-copy-lettering-naa","status":"publish","type":"product","link":"https:\/\/www.livrariarema.com.br\/loja\/produtos\/biblias\/nvi\/biblia-jesus-copy-lettering-naa\/","title":{"rendered":"B\u00edblia Jesus Copy &#8211; Lettering &#8211; Nvi"},"content":{"rendered":"<p>A B\u00edblia Lettering \u00e9 uma B\u00edblia toda preta com detalhes em vermelho e branco, com seu design criado a m\u00e3o e pintado em branco. Possui Antigo e Novo Testamento. N\u00e3o inclui espa\u00e7o para anota\u00e7\u00f5es. Possui um plano de leitura de 90 dias.<\/p>\n","protected":false},"excerpt":{"rendered":"<p>A B\u00edblia Lettering \u00e9 uma B\u00edblia toda preta com detalhes em vermelho e branco, com seu design criado a m\u00e3o&hellip;<\/p>\n","protected":false},"featured_media":343026,"comment_status":"open","ping_status":"closed","template":"","meta":[],"product_cat":[139,166],"product_tag":[],"_links":{"self":[{"href":"https:\/\/www.livrariarema.com.br\/loja\/wp-json\/wp\/v2\/product\/54308"}],"collection":[{"href":"https:\/\/www.livrariarema.com.br\/loja\/wp-json\/wp\/v2\/product"}],"about":[{"href":"https:\/\/www.livrariarema.com.br\/loja\/wp-json\/wp\/v2\/types\/product"}],"replies":[{"embeddable":true,"href":"https:\/\/www.livrariarema.com.br\/loja\/wp-json\/wp\/v2\/comments?post=54308"}],"wp:featuredmedia":[{"embeddable":true,"href":"https:\/\/www.livrariarema.com.br\/loja\/wp-json\/wp\/v2\/media\/343026"}],"wp:attachment":[{"href":"https:\/\/www.livrariarema.com.br\/loja\/wp-json\/wp\/v2\/media?parent=54308"}],"wp:term":[{"taxonomy":"product_cat","embeddable":true,"href":"https:\/\/www.livrariarema.com.br\/loja\/wp-json\/wp\/v2\/product_cat?post=54308"},{"taxonomy":"product_tag","embeddable":true,"href":"https:\/\/www.livrariarema.com.br\/loja\/wp-json\/wp\/v2\/product_tag?post=54308"}],"curies":[{"name":"wp","href":"https:\/\/api.w.org\/{rel}","templated":true}]}}