{"id":54318,"date":"2021-01-22T08:57:45","date_gmt":"2021-01-22T11:57:45","guid":{"rendered":"https:\/\/www.livrariarema.com.br\/loja\/produtos\/sem%20categoria\/comentario-expositivo-1-corintios-preben-vang\/"},"modified":"2026-02-20T12:51:57","modified_gmt":"2026-02-20T15:51:57","slug":"comentario-expositivo-1-corintios-preben-vang","status":"publish","type":"product","link":"https:\/\/www.livrariarema.com.br\/loja\/produtos\/livros\/estudo-biblico\/comentario-expositivo-1-corintios-preben-vang\/","title":{"rendered":"Coment\u00e1rio Expositivo &#8211; 1 Cor\u00edntios &#8211; Preben Vang"},"content":{"rendered":"<p>O ap\u00f3stolo Paulo escreveu 1Cor\u00edntios a uma igreja repleta de problemas, como divis\u00f5es internas, orgulho, soberba, imaturidade espiritual, imoralidade, falsos ensinos e at\u00e9 pr\u00e1ticas conden\u00e1veis em rela\u00e7\u00e3o ao culto. Preben Vang percorre essa carta e lan\u00e7a luz sobre cada uma dessas controv\u00e9rsias. Em particular, o autor mostra que os valores culturais de Corinto e seu ambiente ret\u00f3rico e filos\u00f3fico contribu\u00edram para os problemas tratados pelo ap\u00f3stolo nessa carta. Escrita por volta do ano 55 d.C., a Primeira Carta aos Cor\u00edntios continua atual, j\u00e1 que a influ\u00eancia da cultura secular na vida e no minist\u00e9rio crist\u00e3o permanece t\u00e3o presente hoje quanto h\u00e1 dois mil anos.<\/p>\n<p>A S\u00e9rie Coment\u00e1rio Expositivo oferece a pastores, pregadores, mestres e estudantes da Palavra de Deus o que h\u00e1 de melhor na \u00e1rea do conhecimento b\u00edblico, para que possam passar sem dificuldades do significado do texto a sua comunica\u00e7\u00e3o eficaz. Em cada volume, o livro b\u00edblico tratado \u00e9 dividido em unidades de prega\u00e7\u00e3o (per\u00edcopes) cuidadosamente selecionadas, acompanhadas de coment\u00e1rios de no m\u00e1ximo 6 p\u00e1ginas, com ilustra\u00e7\u00f5es extra\u00eddas dos campos da arte e da cultura e aplica\u00e7\u00f5es para os nossos dias. Cada volume da s\u00e9rie permite, assim, que o leitor aprenda rapidamente as informa\u00e7\u00f5es mais importantes.<\/p>\n<p>Cada volume, enriquecido com fotos, mapas e gr\u00e1ficos, se comp\u00f5e das seguintes se\u00e7\u00f5es, voltadas para a passagem estudada:<\/p>\n<p>IDEIA CENTRAL<br \/>\nPARA ENTENDER O TEXTO<br \/>\nPRINCIPAIS TEMAS<br \/>\nPARA ENSINAR O TEXTO<br \/>\nPARA ILUSTRAR O TEXTO<\/p>\n","protected":false},"excerpt":{"rendered":"<p>O ap\u00f3stolo Paulo escreveu 1Cor\u00edntios a uma igreja repleta de problemas, como divis\u00f5es internas, orgulho, soberba, imaturidade espiritual, imoralidade, falsos&hellip;<\/p>\n","protected":false},"featured_media":344925,"comment_status":"open","ping_status":"closed","template":"","meta":[],"product_cat":[161,134],"product_tag":[],"_links":{"self":[{"href":"https:\/\/www.livrariarema.com.br\/loja\/wp-json\/wp\/v2\/product\/54318"}],"collection":[{"href":"https:\/\/www.livrariarema.com.br\/loja\/wp-json\/wp\/v2\/product"}],"about":[{"href":"https:\/\/www.livrariarema.com.br\/loja\/wp-json\/wp\/v2\/types\/product"}],"replies":[{"embeddable":true,"href":"https:\/\/www.livrariarema.com.br\/loja\/wp-json\/wp\/v2\/comments?post=54318"}],"wp:featuredmedia":[{"embeddable":true,"href":"https:\/\/www.livrariarema.com.br\/loja\/wp-json\/wp\/v2\/media\/344925"}],"wp:attachment":[{"href":"https:\/\/www.livrariarema.com.br\/loja\/wp-json\/wp\/v2\/media?parent=54318"}],"wp:term":[{"taxonomy":"product_cat","embeddable":true,"href":"https:\/\/www.livrariarema.com.br\/loja\/wp-json\/wp\/v2\/product_cat?post=54318"},{"taxonomy":"product_tag","embeddable":true,"href":"https:\/\/www.livrariarema.com.br\/loja\/wp-json\/wp\/v2\/product_tag?post=54318"}],"curies":[{"name":"wp","href":"https:\/\/api.w.org\/{rel}","templated":true}]}}