{"id":54345,"date":"2021-01-22T08:58:31","date_gmt":"2021-01-22T11:58:31","guid":{"rendered":"https:\/\/www.livrariarema.com.br\/loja\/produtos\/sem%20categoria\/dama-seu-amado-e-seu-senhor-a-t-d-jakes\/"},"modified":"2026-04-27T08:50:43","modified_gmt":"2026-04-27T11:50:43","slug":"dama-seu-amado-e-seu-senhor-a-t-d-jakes","status":"publish","type":"product","link":"https:\/\/www.livrariarema.com.br\/loja\/produtos\/livros\/mulher\/dama-seu-amado-e-seu-senhor-a-t-d-jakes\/","title":{"rendered":"Dama, Seu Amado E Seu Senhor, A &#8211; T. D. Jakes"},"content":{"rendered":"<p>Amor. Que palavra! Apenas quatro letras! Mas t\u00e3o poderosas que podem determinar o triunfo ou o fracasso em nossa vida, em especial na vida da mulher, a quem \u00e9 atribu\u00eddo o equil\u00edbrio do lar, da fam\u00edlia.<br \/>\nComo conhecer o segredo de uma vida bem-sucedida? Como melhorar o relacionamento com o homem a quem voc\u00ea ama? E, acima de tudo, como estabelecer uma comunh\u00e3o maior com o seu Senhor?<br \/>\nSe essas quest\u00e3o a preocupam ou lhe interessam, este livro \u00e9 para voc\u00ea. A Dama, seu Amado e seu Senhor trata dessas tr\u00eas dimens\u00f5es do amor, considerando os tr\u00eas \u00e2ngulos fundamentais que comp\u00f5em os relacionamentos na vida de uma mulher: o amor a si mesma, o amor ao c\u00f4njuge e o amor a Deus.<br \/>\nVoc\u00ea quer saber o que \u00e9 necess\u00e1rio para manter a sua identidade, a aten\u00e7\u00e3o de seu amado e o favor do Senhor? Ent\u00e3o, abra este livro e desvende o segredo!<\/p>\n","protected":false},"excerpt":{"rendered":"<p>Amor. Que palavra! Apenas quatro letras! Mas t\u00e3o poderosas que podem determinar o triunfo ou o fracasso em nossa vida,&hellip;<\/p>\n","protected":false},"featured_media":344577,"comment_status":"open","ping_status":"closed","template":"","meta":[],"product_cat":[134,170],"product_tag":[],"_links":{"self":[{"href":"https:\/\/www.livrariarema.com.br\/loja\/wp-json\/wp\/v2\/product\/54345"}],"collection":[{"href":"https:\/\/www.livrariarema.com.br\/loja\/wp-json\/wp\/v2\/product"}],"about":[{"href":"https:\/\/www.livrariarema.com.br\/loja\/wp-json\/wp\/v2\/types\/product"}],"replies":[{"embeddable":true,"href":"https:\/\/www.livrariarema.com.br\/loja\/wp-json\/wp\/v2\/comments?post=54345"}],"wp:featuredmedia":[{"embeddable":true,"href":"https:\/\/www.livrariarema.com.br\/loja\/wp-json\/wp\/v2\/media\/344577"}],"wp:attachment":[{"href":"https:\/\/www.livrariarema.com.br\/loja\/wp-json\/wp\/v2\/media?parent=54345"}],"wp:term":[{"taxonomy":"product_cat","embeddable":true,"href":"https:\/\/www.livrariarema.com.br\/loja\/wp-json\/wp\/v2\/product_cat?post=54345"},{"taxonomy":"product_tag","embeddable":true,"href":"https:\/\/www.livrariarema.com.br\/loja\/wp-json\/wp\/v2\/product_tag?post=54345"}],"curies":[{"name":"wp","href":"https:\/\/api.w.org\/{rel}","templated":true}]}}