{"id":54417,"date":"2021-01-22T09:00:45","date_gmt":"2021-01-22T12:00:45","guid":{"rendered":"https:\/\/www.livrariarema.com.br\/loja\/produtos\/sem%20categoria\/dez-mulheres-das-biblia-guia-de-estudo-max-lucado\/"},"modified":"2026-04-30T11:36:02","modified_gmt":"2026-04-30T14:36:02","slug":"dez-mulheres-das-biblia-guia-de-estudo-max-lucado","status":"publish","type":"product","link":"https:\/\/www.livrariarema.com.br\/loja\/produtos\/livros\/estudo-biblico\/dez-mulheres-das-biblia-guia-de-estudo-max-lucado\/","title":{"rendered":"Dez Mulheres Das B\u00edblia &#8211; Guia De Estudo &#8211; Max Lucado"},"content":{"rendered":"<p>&#8220;Nem conhecemos todos os seus nomes. Alguns s\u00e3o referidos apenas pela sua nacionalidade. Alguns s\u00e3o conhecidos apenas pelo lugar onde moravam. Alguns nomes se tornariam rainhas, enquanto outros viveriam \u00e0 margem da sociedade. Um daria \u00e0 luz uma na\u00e7\u00e3o, e algu\u00e9m daria \u00e0 luz o Messias. Sua cultura muitas vezes ignorou ou descontou as contribui\u00e7\u00f5es das mulheres, mas os autores das Sagradas Escrituras encontraram essas mulheres e o not\u00e1vel papel que desempenharam para contar a hist\u00f3ria de Deus.&#8221;<\/p>\n","protected":false},"excerpt":{"rendered":"<p>&#8220;Nem conhecemos todos os seus nomes. Alguns s\u00e3o referidos apenas pela sua nacionalidade. Alguns s\u00e3o conhecidos apenas pelo lugar onde&hellip;<\/p>\n","protected":false},"featured_media":347834,"comment_status":"open","ping_status":"closed","template":"","meta":[],"product_cat":[161,134],"product_tag":[],"_links":{"self":[{"href":"https:\/\/www.livrariarema.com.br\/loja\/wp-json\/wp\/v2\/product\/54417"}],"collection":[{"href":"https:\/\/www.livrariarema.com.br\/loja\/wp-json\/wp\/v2\/product"}],"about":[{"href":"https:\/\/www.livrariarema.com.br\/loja\/wp-json\/wp\/v2\/types\/product"}],"replies":[{"embeddable":true,"href":"https:\/\/www.livrariarema.com.br\/loja\/wp-json\/wp\/v2\/comments?post=54417"}],"wp:featuredmedia":[{"embeddable":true,"href":"https:\/\/www.livrariarema.com.br\/loja\/wp-json\/wp\/v2\/media\/347834"}],"wp:attachment":[{"href":"https:\/\/www.livrariarema.com.br\/loja\/wp-json\/wp\/v2\/media?parent=54417"}],"wp:term":[{"taxonomy":"product_cat","embeddable":true,"href":"https:\/\/www.livrariarema.com.br\/loja\/wp-json\/wp\/v2\/product_cat?post=54417"},{"taxonomy":"product_tag","embeddable":true,"href":"https:\/\/www.livrariarema.com.br\/loja\/wp-json\/wp\/v2\/product_tag?post=54417"}],"curies":[{"name":"wp","href":"https:\/\/api.w.org\/{rel}","templated":true}]}}