{"id":54419,"date":"2021-01-22T09:00:48","date_gmt":"2021-01-22T12:00:48","guid":{"rendered":"https:\/\/www.livrariarema.com.br\/loja\/produtos\/sem%20categoria\/dez-homens-das-biblia-guia-de-estudo-max-lucado\/"},"modified":"2026-04-30T12:07:14","modified_gmt":"2026-04-30T15:07:14","slug":"dez-homens-das-biblia-guia-de-estudo-max-lucado","status":"publish","type":"product","link":"https:\/\/www.livrariarema.com.br\/loja\/produtos\/livros\/estudo-biblico\/dez-homens-das-biblia-guia-de-estudo-max-lucado\/","title":{"rendered":"Dez Homens Das B\u00edblia &#8211; Guia De Estudo &#8211; Max Lucado"},"content":{"rendered":"<p>&#8220;Os homens retratados na B\u00edblia n\u00e3o eram perfeitos de forma alguma. Nas Sagradas Escrituras, encontramos diversas hist\u00f3rias marcadas por esc\u00e2ndalos, fracassos e intrigas. No entanto, tamb\u00e9m encontramos muitas hist\u00f3rias de homens que conseguiram olhar al\u00e9m de suas circunst\u00e2ncias, confiar completamente no Senhor e segui-lo por onde quer que fosse. Assim como n\u00f3s, esses homens tomaram boas e m\u00e1s decis\u00f5es ao longo do caminho &#8211; experimentaram boas e m\u00e1s consequ\u00eancias. Nas p\u00e1ginas da B\u00edblia, vemos nossas lutas e esperan\u00e7as refletidas em suas hist\u00f3rias.&#8221;<\/p>\n","protected":false},"excerpt":{"rendered":"<p>&#8220;Os homens retratados na B\u00edblia n\u00e3o eram perfeitos de forma alguma. Nas Sagradas Escrituras, encontramos diversas hist\u00f3rias marcadas por esc\u00e2ndalos,&hellip;<\/p>\n","protected":false},"featured_media":347835,"comment_status":"open","ping_status":"closed","template":"","meta":[],"product_cat":[161,134],"product_tag":[],"_links":{"self":[{"href":"https:\/\/www.livrariarema.com.br\/loja\/wp-json\/wp\/v2\/product\/54419"}],"collection":[{"href":"https:\/\/www.livrariarema.com.br\/loja\/wp-json\/wp\/v2\/product"}],"about":[{"href":"https:\/\/www.livrariarema.com.br\/loja\/wp-json\/wp\/v2\/types\/product"}],"replies":[{"embeddable":true,"href":"https:\/\/www.livrariarema.com.br\/loja\/wp-json\/wp\/v2\/comments?post=54419"}],"wp:featuredmedia":[{"embeddable":true,"href":"https:\/\/www.livrariarema.com.br\/loja\/wp-json\/wp\/v2\/media\/347835"}],"wp:attachment":[{"href":"https:\/\/www.livrariarema.com.br\/loja\/wp-json\/wp\/v2\/media?parent=54419"}],"wp:term":[{"taxonomy":"product_cat","embeddable":true,"href":"https:\/\/www.livrariarema.com.br\/loja\/wp-json\/wp\/v2\/product_cat?post=54419"},{"taxonomy":"product_tag","embeddable":true,"href":"https:\/\/www.livrariarema.com.br\/loja\/wp-json\/wp\/v2\/product_tag?post=54419"}],"curies":[{"name":"wp","href":"https:\/\/api.w.org\/{rel}","templated":true}]}}