{"id":54421,"date":"2021-01-22T09:00:53","date_gmt":"2021-01-22T12:00:53","guid":{"rendered":"https:\/\/www.livrariarema.com.br\/loja\/produtos\/sem%20categoria\/batalha-espiritual-para-vencer-o-medo-e-a-ansiedade-dra-carol-peters-tanksley\/"},"modified":"2026-02-25T16:20:23","modified_gmt":"2026-02-25T19:20:23","slug":"batalha-espiritual-para-vencer-o-medo-e-a-ansiedade-dra-carol-peters-tanksley","status":"publish","type":"product","link":"https:\/\/www.livrariarema.com.br\/loja\/produtos\/livros\/batalha-espiritual\/batalha-espiritual-para-vencer-o-medo-e-a-ansiedade-dra-carol-peters-tanksley\/","title":{"rendered":"Batalha Espiritual Para Vencer O Medo E A Ansiedade &#8211; Dra. Carol Peters-Tanksley"},"content":{"rendered":"<p>DESCUBRA A RAIZ DO SEU MEDO E ANSIEDADE E ROMPA AS CADEIAS QUE TE PRENDEM<\/p>\n<p>Apesar de crist\u00e3os, n\u00e3o estamos imunes aos males do mundo &#8211; e isso inclui o estresse, o medo e a ansiedade. No entanto, esse n\u00e3o \u00e9 o plano de Deus para voc\u00ea. Ele te preparou para grandes coisas! E para que os prop\u00f3sitos dele se cumpram em sua vida, ele deseja libert\u00e1-lo de todas as amarras do inimigo.<\/p>\n<p>Em Batalha espiritual para vencer o medo e a ansiedade, a Dra. Carol Peters-Tanksley fornece a voc\u00ea as ferramentas necess\u00e1rias para desfrutar da liberdade de Deus e viver uma vida repleta da paz que excede todo o entendimento. Neste livro, voc\u00ea aprender\u00e1 a: <br \/>\n&#8211; Determinar a fonte subjacente do seu medo e ansiedade;<br \/>\n&#8211; Experimente uma melhora em seu bem-estar psicol\u00f3gico;<br \/>\n&#8211; Empregue pr\u00e1ticas bem-sucedidas de batalha espiritual que ir\u00e3o quebrar o poder do inimigo sobre voc\u00ea.<\/p>\n<p>Tanto como m\u00e9dica, com mais de 20 anos de atua\u00e7\u00e3o, e como ministra crist\u00e3 ordenada, a Dra. Carol tem a experi\u00eancia e o conhecimento necess\u00e1rios para ajudar voc\u00ea a lidar adequadamente com o medo e a ansiedade a partir de uma perspectiva espiritual. Ela o ajudar\u00e1 a ver que em Jesus voc\u00ea \u00e9 mais que vencedor!<\/p>\n","protected":false},"excerpt":{"rendered":"<p>DESCUBRA A RAIZ DO SEU MEDO E ANSIEDADE E ROMPA AS CADEIAS QUE TE PRENDEM Apesar de crist\u00e3os, n\u00e3o estamos&hellip;<\/p>\n","protected":false},"featured_media":345472,"comment_status":"open","ping_status":"closed","template":"","meta":[],"product_cat":[135,134],"product_tag":[],"_links":{"self":[{"href":"https:\/\/www.livrariarema.com.br\/loja\/wp-json\/wp\/v2\/product\/54421"}],"collection":[{"href":"https:\/\/www.livrariarema.com.br\/loja\/wp-json\/wp\/v2\/product"}],"about":[{"href":"https:\/\/www.livrariarema.com.br\/loja\/wp-json\/wp\/v2\/types\/product"}],"replies":[{"embeddable":true,"href":"https:\/\/www.livrariarema.com.br\/loja\/wp-json\/wp\/v2\/comments?post=54421"}],"wp:featuredmedia":[{"embeddable":true,"href":"https:\/\/www.livrariarema.com.br\/loja\/wp-json\/wp\/v2\/media\/345472"}],"wp:attachment":[{"href":"https:\/\/www.livrariarema.com.br\/loja\/wp-json\/wp\/v2\/media?parent=54421"}],"wp:term":[{"taxonomy":"product_cat","embeddable":true,"href":"https:\/\/www.livrariarema.com.br\/loja\/wp-json\/wp\/v2\/product_cat?post=54421"},{"taxonomy":"product_tag","embeddable":true,"href":"https:\/\/www.livrariarema.com.br\/loja\/wp-json\/wp\/v2\/product_tag?post=54421"}],"curies":[{"name":"wp","href":"https:\/\/api.w.org\/{rel}","templated":true}]}}