{"id":54423,"date":"2021-01-22T09:00:57","date_gmt":"2021-01-22T12:00:57","guid":{"rendered":"https:\/\/www.livrariarema.com.br\/loja\/produtos\/sem%20categoria\/mentes-tranquilas-almas-felizes-joyce-meyer\/"},"modified":"2026-02-26T14:10:23","modified_gmt":"2026-02-26T17:10:23","slug":"mentes-tranquilas-almas-felizes-joyce-meyer","status":"publish","type":"product","link":"https:\/\/www.livrariarema.com.br\/loja\/produtos\/livros\/mulher\/mentes-tranquilas-almas-felizes-joyce-meyer\/","title":{"rendered":"Mentes Tranquilas Almas Felizes &#8211; Joyce Meyer"},"content":{"rendered":"<p>O culpado por muitos relacionamentos n\u00e3o darem certo \u00e9 o conflito. Ele destr\u00f3i o amor e a alegria de viver em comunh\u00e3o com quem amamos. <br \/>\nNingu\u00e9m est\u00e1 livre de enfrentar problemas, mas enxergar com mais clareza os efeitos destrutivos do conflito, e enfrent\u00e1-lo, deve ser nosso prop\u00f3sito quando dividimos a vida com outra pessoa. <br \/>\nExperimentar a felicidade de uma vida sem conflitos, m\u00e1goas e ressentimentos \u00e9 poss\u00edvel. <br \/>\nNeste livro, a autora best-seller do The New York Times, Joyce Meyer, mostra como desenvolver o equil\u00edbrio interior para afastar a disc\u00f3rdia de seus relacionamentos. <br \/>\nAssuma o controle de suas emo\u00e7\u00f5es e restaure a paz no casamento, nas amizades ou na fam\u00edlia, deixando a harmonia e a felicidade entrarem de vez em sua casa e em seu cora\u00e7\u00e3o.<\/p>\n","protected":false},"excerpt":{"rendered":"<p>O culpado por muitos relacionamentos n\u00e3o darem certo \u00e9 o conflito. Ele destr\u00f3i o amor e a alegria de viver&hellip;<\/p>\n","protected":false},"featured_media":345538,"comment_status":"open","ping_status":"closed","template":"","meta":[],"product_cat":[134,170],"product_tag":[],"_links":{"self":[{"href":"https:\/\/www.livrariarema.com.br\/loja\/wp-json\/wp\/v2\/product\/54423"}],"collection":[{"href":"https:\/\/www.livrariarema.com.br\/loja\/wp-json\/wp\/v2\/product"}],"about":[{"href":"https:\/\/www.livrariarema.com.br\/loja\/wp-json\/wp\/v2\/types\/product"}],"replies":[{"embeddable":true,"href":"https:\/\/www.livrariarema.com.br\/loja\/wp-json\/wp\/v2\/comments?post=54423"}],"wp:featuredmedia":[{"embeddable":true,"href":"https:\/\/www.livrariarema.com.br\/loja\/wp-json\/wp\/v2\/media\/345538"}],"wp:attachment":[{"href":"https:\/\/www.livrariarema.com.br\/loja\/wp-json\/wp\/v2\/media?parent=54423"}],"wp:term":[{"taxonomy":"product_cat","embeddable":true,"href":"https:\/\/www.livrariarema.com.br\/loja\/wp-json\/wp\/v2\/product_cat?post=54423"},{"taxonomy":"product_tag","embeddable":true,"href":"https:\/\/www.livrariarema.com.br\/loja\/wp-json\/wp\/v2\/product_tag?post=54423"}],"curies":[{"name":"wp","href":"https:\/\/api.w.org\/{rel}","templated":true}]}}