{"id":54435,"date":"2021-01-22T09:01:19","date_gmt":"2021-01-22T12:01:19","guid":{"rendered":"https:\/\/www.livrariarema.com.br\/loja\/produtos\/sem%20categoria\/serie-herois-cristaos-ontem-e-hoje-amy-carmichael-janet-benge-e-geoff-benge\/"},"modified":"2026-02-20T13:28:44","modified_gmt":"2026-02-20T16:28:44","slug":"serie-herois-cristaos-ontem-e-hoje-amy-carmichael-janet-benge-e-geoff-benge","status":"publish","type":"product","link":"https:\/\/www.livrariarema.com.br\/loja\/produtos\/livros\/biografia\/serie-herois-cristaos-ontem-e-hoje-amy-carmichael-janet-benge-e-geoff-benge\/","title":{"rendered":"S\u00e9rie Her\u00f3is Crist\u00e3os Ontem E Hoje &#8211; Vol. 03 &#8211; Amy Carmichael &#8211; Janet Benge E Geoff Benge"},"content":{"rendered":"<p>&#8220;Amy Carmichael estava no conv\u00e9s do navio, dando adeus mais uma vez ao seu velho amigo Robert Wilson. Como ela poderia saber que nunca mais o veria ou as ilhas brit\u00e2nicas? Amy tinha certeza de que Deus a chamara para a \u00cdndia. De fato, seria sua casa pelo resto de sua vida .&#8221;<\/p>\n<p>Impulsionada pelo amor e pela compaix\u00e3o, e sustentada pela f\u00e9 e determina\u00e7\u00e3o, Amy Carmichael desafiou as barreiras cru\u00e9is do sistema de castas da \u00cdndia. A hist\u00f3ria dessa jovem da Irlanda do Norte \u00e9 um exemplo brilhante e cintilante do amor de Deus generosamente derramado &#8220;entre os menos entre n\u00f3s&#8221;.<\/p>\n","protected":false},"excerpt":{"rendered":"<p>&#8220;Amy Carmichael estava no conv\u00e9s do navio, dando adeus mais uma vez ao seu velho amigo Robert Wilson. Como ela&hellip;<\/p>\n","protected":false},"featured_media":345058,"comment_status":"open","ping_status":"closed","template":"","meta":[],"product_cat":[181,134],"product_tag":[],"_links":{"self":[{"href":"https:\/\/www.livrariarema.com.br\/loja\/wp-json\/wp\/v2\/product\/54435"}],"collection":[{"href":"https:\/\/www.livrariarema.com.br\/loja\/wp-json\/wp\/v2\/product"}],"about":[{"href":"https:\/\/www.livrariarema.com.br\/loja\/wp-json\/wp\/v2\/types\/product"}],"replies":[{"embeddable":true,"href":"https:\/\/www.livrariarema.com.br\/loja\/wp-json\/wp\/v2\/comments?post=54435"}],"wp:featuredmedia":[{"embeddable":true,"href":"https:\/\/www.livrariarema.com.br\/loja\/wp-json\/wp\/v2\/media\/345058"}],"wp:attachment":[{"href":"https:\/\/www.livrariarema.com.br\/loja\/wp-json\/wp\/v2\/media?parent=54435"}],"wp:term":[{"taxonomy":"product_cat","embeddable":true,"href":"https:\/\/www.livrariarema.com.br\/loja\/wp-json\/wp\/v2\/product_cat?post=54435"},{"taxonomy":"product_tag","embeddable":true,"href":"https:\/\/www.livrariarema.com.br\/loja\/wp-json\/wp\/v2\/product_tag?post=54435"}],"curies":[{"name":"wp","href":"https:\/\/api.w.org\/{rel}","templated":true}]}}