{"id":54542,"date":"2021-01-22T09:08:54","date_gmt":"2021-01-22T12:08:54","guid":{"rendered":"https:\/\/www.livrariarema.com.br\/loja\/produtos\/sem%20categoria\/livro-com-aquarela-animais-de-estimacao\/"},"modified":"2023-01-19T11:54:02","modified_gmt":"2023-01-19T14:54:02","slug":"livro-com-aquarela-animais-de-estimacao","status":"publish","type":"product","link":"https:\/\/www.livrariarema.com.br\/loja\/produtos\/livros\/infantil\/livro-com-aquarela-animais-de-estimacao\/","title":{"rendered":"Livro Com Aquarela &#8211; Animais De Estima\u00e7\u00e3o"},"content":{"rendered":"<p>Conhe\u00e7a os animais de estima\u00e7\u00e3o mais fofos e pinte-os como quiser usando a aquarela! Solte a imagina\u00e7\u00e3o e d\u00ea vida aos personagens.<\/p>\n","protected":false},"excerpt":{"rendered":"<p>Conhe\u00e7a os animais de estima\u00e7\u00e3o mais fofos e pinte-os como quiser usando a aquarela! Solte a imagina\u00e7\u00e3o e d\u00ea vida&hellip;<\/p>\n","protected":false},"featured_media":211204,"comment_status":"open","ping_status":"closed","template":"","meta":[],"product_cat":[144,134],"product_tag":[],"_links":{"self":[{"href":"https:\/\/www.livrariarema.com.br\/loja\/wp-json\/wp\/v2\/product\/54542"}],"collection":[{"href":"https:\/\/www.livrariarema.com.br\/loja\/wp-json\/wp\/v2\/product"}],"about":[{"href":"https:\/\/www.livrariarema.com.br\/loja\/wp-json\/wp\/v2\/types\/product"}],"replies":[{"embeddable":true,"href":"https:\/\/www.livrariarema.com.br\/loja\/wp-json\/wp\/v2\/comments?post=54542"}],"wp:featuredmedia":[{"embeddable":true,"href":"https:\/\/www.livrariarema.com.br\/loja\/wp-json\/wp\/v2\/media\/211204"}],"wp:attachment":[{"href":"https:\/\/www.livrariarema.com.br\/loja\/wp-json\/wp\/v2\/media?parent=54542"}],"wp:term":[{"taxonomy":"product_cat","embeddable":true,"href":"https:\/\/www.livrariarema.com.br\/loja\/wp-json\/wp\/v2\/product_cat?post=54542"},{"taxonomy":"product_tag","embeddable":true,"href":"https:\/\/www.livrariarema.com.br\/loja\/wp-json\/wp\/v2\/product_tag?post=54542"}],"curies":[{"name":"wp","href":"https:\/\/api.w.org\/{rel}","templated":true}]}}