{"id":54573,"date":"2021-01-22T09:10:45","date_gmt":"2021-01-22T12:10:45","guid":{"rendered":"https:\/\/www.livrariarema.com.br\/loja\/produtos\/sem%20categoria\/biblia-nvi-do-discipulo-preta\/"},"modified":"2026-01-09T17:51:09","modified_gmt":"2026-01-09T20:51:09","slug":"biblia-nvi-do-discipulo-preta","status":"publish","type":"product","link":"https:\/\/www.livrariarema.com.br\/loja\/produtos\/biblias\/estudo\/biblia-nvi-do-discipulo-preta\/","title":{"rendered":"B\u00edblia &#8211; Nvi &#8211; Do Disc\u00edpulo &#8211; Preta"},"content":{"rendered":"<p>A B\u00edblia do Disc\u00edpulo \u00e9 \u00fatil tanto para o crescimento pessoal quanto para ajudar os outros atrav\u00e9s de seus recursos. Muitos querem testemunhar sobre o Senhor Jesus Cristo, mas nunca aprenderam a faz\u00ea-lo. Outros arriscaram, apenas para descobrir que mesmo que conhe\u00e7am as verdades da f\u00e9 crist\u00e3, parece que n\u00e3o podem convencer os incr\u00e9dulos. Al\u00e9m disso, h\u00e1 aqueles que encontram pessoas que t\u00eam problemas e procuram conselhos, mas acham dif\u00edcil aconselhar \u00e0 luz da Palavra de Deus. Entre outras coisas, a B\u00edblia do Disc\u00edpulo prepara-se para a evangeliza\u00e7\u00e3o, o crescimento espiritual e pessoal e o conhecimento das profecias sobre Jesus.<\/p>\n<p>Esta B\u00edblia ir\u00e1 ajud\u00e1-lo a andar &#8220;de maneira digna do Senhor, e em tudo possam agrad\u00e1-lo, frutificando em toda boa obra, crescendo no conhecimento de Deus&#8221; (Colossenses 1:10). No entanto, primeiro lembre-se de que voc\u00ea deve ser perseverante, pois a leitura cont\u00ednua das Escrituras transformar\u00e1 sua mente, seu esp\u00edrito e sua vida.<\/p>\n<p>Al\u00e9m disso, a B\u00edblia do Disc\u00edpulo tem uma mir\u00edade de ajudas e artigos pr\u00e1ticos para o seguidor de Jesus que transformar\u00e1 sua vida do dia a dia enquanto viaja atrav\u00e9s de toda a Palavra de Deus.<\/p>\n<p>Inclu\u00eddo:<\/p>\n<p>Concord\u00e2ncia seletiva para evangelismo e discipulado <br \/>\nPasso a passo atrav\u00e9s do evangelho <br \/>\nMapas e gr\u00e1ficos <br \/>\nPrinc\u00edpios para o conselheiro <br \/>\nO que significa ser um disc\u00edpulo de Jesus <br \/>\nComo o processo de aconselhamento \u00e9 conduzido <br \/>\nEsbo\u00e7os <br \/>\nAjuda para problemas pessoais, matrimoniais e familiares <br \/>\nRecursos adicionais de cem problemas relevantes e trezentas respostas b\u00edblicas <br \/>\nEvangeliza\u00e7\u00e3o <br \/>\nMapas que ajudar\u00e3o a localizar lugares-chave na B\u00edblia E muito mais!<\/p>\n","protected":false},"excerpt":{"rendered":"<p>A B\u00edblia do Disc\u00edpulo \u00e9 \u00fatil tanto para o crescimento pessoal quanto para ajudar os outros atrav\u00e9s de seus recursos.&hellip;<\/p>\n","protected":false},"featured_media":339193,"comment_status":"open","ping_status":"closed","template":"","meta":[],"product_cat":[139,140],"product_tag":[],"_links":{"self":[{"href":"https:\/\/www.livrariarema.com.br\/loja\/wp-json\/wp\/v2\/product\/54573"}],"collection":[{"href":"https:\/\/www.livrariarema.com.br\/loja\/wp-json\/wp\/v2\/product"}],"about":[{"href":"https:\/\/www.livrariarema.com.br\/loja\/wp-json\/wp\/v2\/types\/product"}],"replies":[{"embeddable":true,"href":"https:\/\/www.livrariarema.com.br\/loja\/wp-json\/wp\/v2\/comments?post=54573"}],"wp:featuredmedia":[{"embeddable":true,"href":"https:\/\/www.livrariarema.com.br\/loja\/wp-json\/wp\/v2\/media\/339193"}],"wp:attachment":[{"href":"https:\/\/www.livrariarema.com.br\/loja\/wp-json\/wp\/v2\/media?parent=54573"}],"wp:term":[{"taxonomy":"product_cat","embeddable":true,"href":"https:\/\/www.livrariarema.com.br\/loja\/wp-json\/wp\/v2\/product_cat?post=54573"},{"taxonomy":"product_tag","embeddable":true,"href":"https:\/\/www.livrariarema.com.br\/loja\/wp-json\/wp\/v2\/product_tag?post=54573"}],"curies":[{"name":"wp","href":"https:\/\/api.w.org\/{rel}","templated":true}]}}