{"id":54579,"date":"2021-01-22T09:10:56","date_gmt":"2021-01-22T12:10:56","guid":{"rendered":"https:\/\/www.livrariarema.com.br\/loja\/produtos\/sem%20categoria\/biblia-de-estudo-nvt-preta\/"},"modified":"2026-03-06T16:30:37","modified_gmt":"2026-03-06T19:30:37","slug":"biblia-de-estudo-nvt-preta","status":"publish","type":"product","link":"https:\/\/www.livrariarema.com.br\/loja\/produtos\/biblias\/estudo\/biblia-de-estudo-nvt-preta\/","title":{"rendered":"B\u00edblia De Estudo Nvt &#8211; Preta"},"content":{"rendered":"<p>A mais completa e abrangente!<\/p>\n<p>O que \u00e9?<br \/>\nA B\u00edblia de Estudo NVT re\u00fane o texto b\u00edblico da Nova Vers\u00e3o Transformadora, tradu\u00e7\u00e3o publicada em 2016 pela Editora Mundo Crist\u00e3o, e uma s\u00e9rie de recursos adicionais que visam auxiliar o leitor no entendimento das Escrituras Sagradas.<\/p>\n<p>A quem se destina?<br \/>\n\u00c0 semelhan\u00e7a da edi\u00e7\u00e3o comum da NVT, esta B\u00edblia de estudo procura oferecer as verdades mais densas da f\u00e9 crist\u00e3 de modo claro e acess\u00edvel. Assim sendo, todo leitor potencial da NVT \u00e9 um leitor potencial tamb\u00e9m da B\u00edblia de Estudo NVT.<\/p>\n<p>Diferenciais:<br \/>\nA B\u00edblia de estudo mais completa dispon\u00edvel em l\u00edngua portuguesa. Contextualiza\u00e7\u00f5es em diversas \u00e1reas do saber<br \/>\nLinguagem clara e acess\u00edvel. Conte\u00fado atualizado com os mais recentes debates acad\u00eamicos.<\/p>\n<p>O que cont\u00e9m?<br \/>\nIntrodu\u00e7\u00f5es aos livros da b\u00edblia, cronologias, refer\u00eancias cruzadas, notas tem\u00e1ticas, estudo de termos originais, mapas, plano de leitura, \u00edndice de assuntos, dicion\u00e1rio, concord\u00e2ncia, e muito mais.<\/p>\n","protected":false},"excerpt":{"rendered":"<p>A mais completa e abrangente! O que \u00e9? A B\u00edblia de Estudo NVT re\u00fane o texto b\u00edblico da Nova Vers\u00e3o&hellip;<\/p>\n","protected":false},"featured_media":327969,"comment_status":"open","ping_status":"closed","template":"","meta":[],"product_cat":[139,140],"product_tag":[],"_links":{"self":[{"href":"https:\/\/www.livrariarema.com.br\/loja\/wp-json\/wp\/v2\/product\/54579"}],"collection":[{"href":"https:\/\/www.livrariarema.com.br\/loja\/wp-json\/wp\/v2\/product"}],"about":[{"href":"https:\/\/www.livrariarema.com.br\/loja\/wp-json\/wp\/v2\/types\/product"}],"replies":[{"embeddable":true,"href":"https:\/\/www.livrariarema.com.br\/loja\/wp-json\/wp\/v2\/comments?post=54579"}],"wp:featuredmedia":[{"embeddable":true,"href":"https:\/\/www.livrariarema.com.br\/loja\/wp-json\/wp\/v2\/media\/327969"}],"wp:attachment":[{"href":"https:\/\/www.livrariarema.com.br\/loja\/wp-json\/wp\/v2\/media?parent=54579"}],"wp:term":[{"taxonomy":"product_cat","embeddable":true,"href":"https:\/\/www.livrariarema.com.br\/loja\/wp-json\/wp\/v2\/product_cat?post=54579"},{"taxonomy":"product_tag","embeddable":true,"href":"https:\/\/www.livrariarema.com.br\/loja\/wp-json\/wp\/v2\/product_tag?post=54579"}],"curies":[{"name":"wp","href":"https:\/\/api.w.org\/{rel}","templated":true}]}}