{"id":54585,"date":"2021-01-22T09:11:07","date_gmt":"2021-01-22T12:11:07","guid":{"rendered":"https:\/\/www.livrariarema.com.br\/loja\/produtos\/sem%20categoria\/20-segredos-para-renovar-sua-vida-de-oracao-bob-sorge\/"},"modified":"2025-01-11T13:02:37","modified_gmt":"2025-01-11T16:02:37","slug":"20-segredos-para-renovar-sua-vida-de-oracao-bob-sorge","status":"publish","type":"product","link":"https:\/\/www.livrariarema.com.br\/loja\/produtos\/livros\/oracao\/20-segredos-para-renovar-sua-vida-de-oracao-bob-sorge\/","title":{"rendered":"20 Segredos Para Renovar Sua Vida De Ora\u00e7\u00e3o &#8211; Bob Sorge"},"content":{"rendered":"<p>Sua vida de ora\u00e7\u00e3o ficou cansativa?<br \/>\nEst\u00e1 com Saudades dos tempos em que ouvia de perto a voz de Deus?<br \/>\nExistem horas que suas ora\u00e7\u00f5es parecem cansadas e viraram um ritual?<br \/>\nAquele zelo que voc\u00ea tinha na hora de separar tempo para orar e estar com Deus sumiu da sua vida?<br \/>\nAt\u00e9 a vontade de orar te abandonou? <br \/>\n\u00c0s vezes voc\u00ea lembra com saudades e tristeza dos tempos que j\u00e1 teve com poderosa ora\u00e7\u00e3o na presen\u00e7a gloriosa de Deus? <br \/>\nAs palavras do Rei Davi viraram suas tamb\u00e9m, quando ele disse, no Salmo 42: &#8220;Como o cervo brama pelas correntes das \u00e1guas, assim suspira minha alma por ti, \u00f3 Deus! Minha alma tem sede de Deus, do Deus vivo.&#8221;<\/p>\n<p>Se voc\u00ea tem se sentido assim, e tem visto sua vida de ora\u00e7\u00e3o tornar algo seco, morto, ritual\u00edstico e religioso, ent\u00e3o esse livro \u00e9 pra voc\u00ea!<\/p>\n","protected":false},"excerpt":{"rendered":"<p>Sua vida de ora\u00e7\u00e3o ficou cansativa? Est\u00e1 com Saudades dos tempos em que ouvia de perto a voz de Deus?&hellip;<\/p>\n","protected":false},"featured_media":311569,"comment_status":"open","ping_status":"closed","template":"","meta":[],"product_cat":[134,171],"product_tag":[],"_links":{"self":[{"href":"https:\/\/www.livrariarema.com.br\/loja\/wp-json\/wp\/v2\/product\/54585"}],"collection":[{"href":"https:\/\/www.livrariarema.com.br\/loja\/wp-json\/wp\/v2\/product"}],"about":[{"href":"https:\/\/www.livrariarema.com.br\/loja\/wp-json\/wp\/v2\/types\/product"}],"replies":[{"embeddable":true,"href":"https:\/\/www.livrariarema.com.br\/loja\/wp-json\/wp\/v2\/comments?post=54585"}],"wp:featuredmedia":[{"embeddable":true,"href":"https:\/\/www.livrariarema.com.br\/loja\/wp-json\/wp\/v2\/media\/311569"}],"wp:attachment":[{"href":"https:\/\/www.livrariarema.com.br\/loja\/wp-json\/wp\/v2\/media?parent=54585"}],"wp:term":[{"taxonomy":"product_cat","embeddable":true,"href":"https:\/\/www.livrariarema.com.br\/loja\/wp-json\/wp\/v2\/product_cat?post=54585"},{"taxonomy":"product_tag","embeddable":true,"href":"https:\/\/www.livrariarema.com.br\/loja\/wp-json\/wp\/v2\/product_tag?post=54585"}],"curies":[{"name":"wp","href":"https:\/\/api.w.org\/{rel}","templated":true}]}}