{"id":54595,"date":"2021-01-22T09:11:26","date_gmt":"2021-01-22T12:11:26","guid":{"rendered":"https:\/\/www.livrariarema.com.br\/loja\/produtos\/sem%20categoria\/biblia-sagrada-da-princesinha-sheila-walsh\/"},"modified":"2026-04-01T18:22:16","modified_gmt":"2026-04-01T21:22:16","slug":"biblia-sagrada-da-princesinha-sheila-walsh","status":"publish","type":"product","link":"https:\/\/www.livrariarema.com.br\/loja\/produtos\/biblias\/infantil-biblias\/biblia-sagrada-da-princesinha-sheila-walsh\/","title":{"rendered":"B\u00edblia Sagrada Da Princesinha &#8211; Sheila Walsh"},"content":{"rendered":"<p>Ol\u00e1, princesinha. Esta B\u00edblia foi feita para voc\u00ea. Ah, se eu fosse uma princesa&#8230;&#8221; isso \u00e9 o que quase toda menina imagina. Mais legal ainda \u00e9 saber que ela \u00e9 mesmo uma filha do Rei. E a melhor maneira de descobrir isso \u00e9 lendo a Palavra de Deus. Na B\u00edblia Sagrada da princesinha, meninas de 4 a 10 anos aprendem sobre o Criador, os personagens da B\u00edblia, o valor da fam\u00edlia e dos amigos e as alegrias de ser crian\u00e7a. Al\u00e9m do texto b\u00edblico moderno e acess\u00edvel da Nova tradu\u00e7\u00e3o na linguagem de hoje e de belas ilustra\u00e7\u00f5es, as princesinhas tamb\u00e9m se encantam com as notas, as ora\u00e7\u00f5es e os estudos maravilhosos de Sheila Walsh, autora da s\u00e9rie &#8220;Princesinha&#8221; e uma especialista em realeza.<\/p>\n<p>A B\u00edblia Sagrada da princesinha tem v\u00e1rios recursos como: <br \/>\nJoias b\u00edblicas &#8211; li\u00e7\u00f5es da B\u00edblia para o cora\u00e7\u00e3o de toda princesinha de Deus. <br \/>\nRelacionamentos principescos &#8211; mostram como viver feliz com a fam\u00edlia, com os amigos e com Deus. <br \/>\nVivendo no Reino &#8211; ensina a alegria de ser uma filha de Deus. <br \/>\nHer\u00f3is da realeza &#8211; homens, mulheres, jovens e crian\u00e7as especiais da B\u00edblia.<br \/>\nDestaques do Reino &#8211; tudo sobre as hist\u00f3rias b\u00edblicas mais legais. <br \/>\nPalavras s\u00e1bias &#8211; o que toda princesinha precisa para se tornar uma garota comprometida com Deus. <br \/>\nPersonagens nobres &#8211; um estudo b\u00edblico sobre 13 personagens importantes da B\u00edblia. <br \/>\nAs meninas v\u00e3o curtir ainda mais a Palavra de Deus com a B\u00edblia Sagrada da princesinha.<\/p>\n","protected":false},"excerpt":{"rendered":"<p>Ol\u00e1, princesinha. Esta B\u00edblia foi feita para voc\u00ea. Ah, se eu fosse uma princesa&#8230;&#8221; isso \u00e9 o que quase toda&hellip;<\/p>\n","protected":false},"featured_media":345778,"comment_status":"open","ping_status":"closed","template":"","meta":[],"product_cat":[139,202],"product_tag":[],"_links":{"self":[{"href":"https:\/\/www.livrariarema.com.br\/loja\/wp-json\/wp\/v2\/product\/54595"}],"collection":[{"href":"https:\/\/www.livrariarema.com.br\/loja\/wp-json\/wp\/v2\/product"}],"about":[{"href":"https:\/\/www.livrariarema.com.br\/loja\/wp-json\/wp\/v2\/types\/product"}],"replies":[{"embeddable":true,"href":"https:\/\/www.livrariarema.com.br\/loja\/wp-json\/wp\/v2\/comments?post=54595"}],"wp:featuredmedia":[{"embeddable":true,"href":"https:\/\/www.livrariarema.com.br\/loja\/wp-json\/wp\/v2\/media\/345778"}],"wp:attachment":[{"href":"https:\/\/www.livrariarema.com.br\/loja\/wp-json\/wp\/v2\/media?parent=54595"}],"wp:term":[{"taxonomy":"product_cat","embeddable":true,"href":"https:\/\/www.livrariarema.com.br\/loja\/wp-json\/wp\/v2\/product_cat?post=54595"},{"taxonomy":"product_tag","embeddable":true,"href":"https:\/\/www.livrariarema.com.br\/loja\/wp-json\/wp\/v2\/product_tag?post=54595"}],"curies":[{"name":"wp","href":"https:\/\/api.w.org\/{rel}","templated":true}]}}