{"id":54615,"date":"2021-01-22T09:12:04","date_gmt":"2021-01-22T12:12:04","guid":{"rendered":"https:\/\/www.livrariarema.com.br\/loja\/produtos\/sem%20categoria\/licoes-especiais-deus-usa-coisas-quebradas-cartazes\/"},"modified":"2025-11-14T13:40:35","modified_gmt":"2025-11-14T16:40:35","slug":"licoes-especiais-deus-usa-coisas-quebradas-cartazes","status":"publish","type":"product","link":"https:\/\/www.livrariarema.com.br\/loja\/produtos\/diversos\/flanelografo-e-cartazes\/licoes-especiais-deus-usa-coisas-quebradas-cartazes\/","title":{"rendered":"Li\u00e7\u00f5es Especiais &#8211; Deus Usa Coisas Quebradas &#8211; Cartazes"},"content":{"rendered":"<p>Esta mensagem foi preparada para ser usada com adultos. \u00c9 especialmente \u00fatil para incentivar os crist\u00e3os no trabalho de evangeliza\u00e7\u00e3o das crian\u00e7as. Muitos pensam que n\u00e3o possuem talentos, preparo ou habilidade para este trabalho. Quando souberem que Deus n\u00e3o procura tanto a habilidade, mas sim instrumentos fracos e quebrantados por meio dos quais Ele possa demonstrar Seu poder, a atitude destes crist\u00e3os mudar\u00e1. Descobrir\u00e3o que n\u00e3o s\u00e3o os talentos e capacidades excepcionais que Deus deseja, mas muito mais uma consagra\u00e7\u00e3o e confian\u00e7a nEle:<\/p>\n<p>&#8220;N\u00e3o por for\u00e7a nem por viol\u00eancia, mas pelo meu Esp\u00edrito, diz o Senhor dos Ex\u00e9rcitos&#8221; (Zacarias 4:6 &#8211; NVI)<\/p>\n<p>Inclui: Figuras em Cartazes &#8211; Roteiro da li\u00e7\u00e3o<\/p>\n","protected":false},"excerpt":{"rendered":"<p>Esta mensagem foi preparada para ser usada com adultos. \u00c9 especialmente \u00fatil para incentivar os crist\u00e3os no trabalho de evangeliza\u00e7\u00e3o&hellip;<\/p>\n","protected":false},"featured_media":299510,"comment_status":"open","ping_status":"closed","template":"","meta":[],"product_cat":[132,133],"product_tag":[],"_links":{"self":[{"href":"https:\/\/www.livrariarema.com.br\/loja\/wp-json\/wp\/v2\/product\/54615"}],"collection":[{"href":"https:\/\/www.livrariarema.com.br\/loja\/wp-json\/wp\/v2\/product"}],"about":[{"href":"https:\/\/www.livrariarema.com.br\/loja\/wp-json\/wp\/v2\/types\/product"}],"replies":[{"embeddable":true,"href":"https:\/\/www.livrariarema.com.br\/loja\/wp-json\/wp\/v2\/comments?post=54615"}],"wp:featuredmedia":[{"embeddable":true,"href":"https:\/\/www.livrariarema.com.br\/loja\/wp-json\/wp\/v2\/media\/299510"}],"wp:attachment":[{"href":"https:\/\/www.livrariarema.com.br\/loja\/wp-json\/wp\/v2\/media?parent=54615"}],"wp:term":[{"taxonomy":"product_cat","embeddable":true,"href":"https:\/\/www.livrariarema.com.br\/loja\/wp-json\/wp\/v2\/product_cat?post=54615"},{"taxonomy":"product_tag","embeddable":true,"href":"https:\/\/www.livrariarema.com.br\/loja\/wp-json\/wp\/v2\/product_tag?post=54615"}],"curies":[{"name":"wp","href":"https:\/\/api.w.org\/{rel}","templated":true}]}}