{"id":54619,"date":"2021-01-22T09:12:11","date_gmt":"2021-01-22T12:12:11","guid":{"rendered":"https:\/\/www.livrariarema.com.br\/loja\/produtos\/sem%20categoria\/licoes-especiais-nao-ao-carnaval-cartazes\/"},"modified":"2024-04-09T11:48:33","modified_gmt":"2024-04-09T14:48:33","slug":"licoes-especiais-nao-ao-carnaval-cartazes","status":"publish","type":"product","link":"https:\/\/www.livrariarema.com.br\/loja\/produtos\/diversos\/flanelografo-e-cartazes\/licoes-especiais-nao-ao-carnaval-cartazes\/","title":{"rendered":"Li\u00e7\u00f5es Especiais &#8211; N\u00e3o Ao Carnaval &#8211; Cartazes"},"content":{"rendered":"<p>Crian\u00e7a n\u00e3o salva: que ela reconhe\u00e7a que \u00e9 pecadora. Que aprenda quem Jesus \u00e9 e o que Ele fez para dar salva\u00e7\u00e3o a todo o que cr\u00ea. E que ela creia, recebendo Cristo como Seu Salvador pessoal.<br \/>\nCrian\u00e7a Salva: que ela reconhe\u00e7a a import\u00e2ncia de agradar a Deus e que rejeite o que \u00e9 pecaminoso e maligno, dizendo N\u00c3O AO CARNAVAL.<\/p>\n<p>Inclui: Figuras em Cartazes &#8211; Vers\u00edculo &#8211; C\u00e2ntico  &#8211; Roteiro da li\u00e7\u00e3o com a partitura da m\u00fasica + Livro de Atividades<\/p>\n","protected":false},"excerpt":{"rendered":"<p>Crian\u00e7a n\u00e3o salva: que ela reconhe\u00e7a que \u00e9 pecadora. Que aprenda quem Jesus \u00e9 e o que Ele fez para&hellip;<\/p>\n","protected":false},"featured_media":291313,"comment_status":"open","ping_status":"closed","template":"","meta":[],"product_cat":[132,133],"product_tag":[],"_links":{"self":[{"href":"https:\/\/www.livrariarema.com.br\/loja\/wp-json\/wp\/v2\/product\/54619"}],"collection":[{"href":"https:\/\/www.livrariarema.com.br\/loja\/wp-json\/wp\/v2\/product"}],"about":[{"href":"https:\/\/www.livrariarema.com.br\/loja\/wp-json\/wp\/v2\/types\/product"}],"replies":[{"embeddable":true,"href":"https:\/\/www.livrariarema.com.br\/loja\/wp-json\/wp\/v2\/comments?post=54619"}],"wp:featuredmedia":[{"embeddable":true,"href":"https:\/\/www.livrariarema.com.br\/loja\/wp-json\/wp\/v2\/media\/291313"}],"wp:attachment":[{"href":"https:\/\/www.livrariarema.com.br\/loja\/wp-json\/wp\/v2\/media?parent=54619"}],"wp:term":[{"taxonomy":"product_cat","embeddable":true,"href":"https:\/\/www.livrariarema.com.br\/loja\/wp-json\/wp\/v2\/product_cat?post=54619"},{"taxonomy":"product_tag","embeddable":true,"href":"https:\/\/www.livrariarema.com.br\/loja\/wp-json\/wp\/v2\/product_tag?post=54619"}],"curies":[{"name":"wp","href":"https:\/\/api.w.org\/{rel}","templated":true}]}}