{"id":54627,"date":"2021-01-22T09:12:25","date_gmt":"2021-01-22T12:12:25","guid":{"rendered":"https:\/\/www.livrariarema.com.br\/loja\/produtos\/sem categoria\/licoes-especiais-o-pai-perfeito-cartazes\/"},"modified":"2024-11-12T17:19:24","modified_gmt":"2024-11-12T20:19:24","slug":"licoes-especiais-o-pai-perfeito-cartazes","status":"publish","type":"product","link":"https:\/\/www.livrariarema.com.br\/loja\/produtos\/diversos\/flanelografo-e-cartazes\/licoes-especiais-o-pai-perfeito-cartazes\/","title":{"rendered":"LI\u00c7\u00d5ES ESPECIAIS &#8211; O PAI PERFEITO &#8211; CARTAZES"},"content":{"rendered":"<p>1 Li\u00e7\u00e3o para crian\u00e7as de 5 a 12 anos para ensinar a crian\u00e7a que Deus \u00e9 o \u00fanico Pai Perfeito.<br \/>\nConta a hist\u00f3ria de Marcos, um menino que perdeu o pai num acidente e gostaria muito de ter um novo pai. Ele descobre que somente Deus \u00e9 o nosso perfeito pai.<br \/>\nObjetivos do ensino<br \/>\nCrian\u00e7a N\u00e3o Salva: Que a crian\u00e7a compreenda que, ao receber Jesus como seu Salvador, Deus se tornar\u00e1 seu Pai perfeito.<br \/>\nCrian\u00e7a Salva: Que a crian\u00e7a compreenda que Deus \u00e9 o \u00fanico Pai perfeito.<\/p>\n<p>Inclui: Figuras em Cartazes &#8211; Vers\u00edculo Visualizado &#8211; Livro Roteiro &#8211; 1 Livro de atividades para colorir (pode ser adquirido avulso para grandes quantidades)<\/p>\n","protected":false},"excerpt":{"rendered":"<p>1 Li\u00e7\u00e3o para crian\u00e7as de 5 a 12 anos para ensinar a crian\u00e7a que Deus \u00e9 o \u00fanico Pai Perfeito.&hellip;<\/p>\n","protected":false},"featured_media":101655,"comment_status":"open","ping_status":"closed","template":"","meta":[],"product_cat":[132,133],"product_tag":[],"_links":{"self":[{"href":"https:\/\/www.livrariarema.com.br\/loja\/wp-json\/wp\/v2\/product\/54627"}],"collection":[{"href":"https:\/\/www.livrariarema.com.br\/loja\/wp-json\/wp\/v2\/product"}],"about":[{"href":"https:\/\/www.livrariarema.com.br\/loja\/wp-json\/wp\/v2\/types\/product"}],"replies":[{"embeddable":true,"href":"https:\/\/www.livrariarema.com.br\/loja\/wp-json\/wp\/v2\/comments?post=54627"}],"wp:featuredmedia":[{"embeddable":true,"href":"https:\/\/www.livrariarema.com.br\/loja\/wp-json\/wp\/v2\/media\/101655"}],"wp:attachment":[{"href":"https:\/\/www.livrariarema.com.br\/loja\/wp-json\/wp\/v2\/media?parent=54627"}],"wp:term":[{"taxonomy":"product_cat","embeddable":true,"href":"https:\/\/www.livrariarema.com.br\/loja\/wp-json\/wp\/v2\/product_cat?post=54627"},{"taxonomy":"product_tag","embeddable":true,"href":"https:\/\/www.livrariarema.com.br\/loja\/wp-json\/wp\/v2\/product_tag?post=54627"}],"curies":[{"name":"wp","href":"https:\/\/api.w.org\/{rel}","templated":true}]}}