{"id":54685,"date":"2021-01-22T09:14:57","date_gmt":"2021-01-22T12:14:57","guid":{"rendered":"https:\/\/www.livrariarema.com.br\/loja\/produtos\/sem categoria\/caderno-universitario-96-folhas-d\/"},"modified":"2023-08-31T08:51:59","modified_gmt":"2023-08-31T11:51:59","slug":"caderno-universitario-96-folhas-d","status":"publish","type":"product","link":"https:\/\/www.livrariarema.com.br\/loja\/produtos\/papelaria\/caderno\/caderno-universitario-96-folhas-d\/","title":{"rendered":"CADERNO UNIVERSIT\u00c1RIO 96 FOLHAS &#8211; D+"},"content":{"rendered":"<p>O Caderno Espiral Universit\u00e1rio possui capa dura, folhas pautadas e espiral colorido. Ideal para o dia a dia na escola ou na faculdade.<\/p>\n<p>Detalhes:<br \/>\nCapa dura<br \/>\nEspiral colorido<br \/>\nFolhas pautadas<br \/>\n\u00cdndice<br \/>\nMiolo<br \/>\nN\u00famero de mat\u00e9rias 1 mat\u00e9ria<br \/>\nProduto certificado FSC<br \/>\nFormato 200mm x 275mm<br \/>\nGramatura 56 g\/m\u00b2<br \/>\nN\u00famero de folhas 96 folhas<\/p>\n","protected":false},"excerpt":{"rendered":"<p>O Caderno Espiral Universit\u00e1rio possui capa dura, folhas pautadas e espiral colorido. Ideal para o dia a dia na escola&hellip;<\/p>\n","protected":false},"featured_media":54684,"comment_status":"open","ping_status":"closed","template":"","meta":[],"product_cat":[230,215],"product_tag":[],"_links":{"self":[{"href":"https:\/\/www.livrariarema.com.br\/loja\/wp-json\/wp\/v2\/product\/54685"}],"collection":[{"href":"https:\/\/www.livrariarema.com.br\/loja\/wp-json\/wp\/v2\/product"}],"about":[{"href":"https:\/\/www.livrariarema.com.br\/loja\/wp-json\/wp\/v2\/types\/product"}],"replies":[{"embeddable":true,"href":"https:\/\/www.livrariarema.com.br\/loja\/wp-json\/wp\/v2\/comments?post=54685"}],"wp:featuredmedia":[{"embeddable":true,"href":"https:\/\/www.livrariarema.com.br\/loja\/wp-json\/wp\/v2\/media\/54684"}],"wp:attachment":[{"href":"https:\/\/www.livrariarema.com.br\/loja\/wp-json\/wp\/v2\/media?parent=54685"}],"wp:term":[{"taxonomy":"product_cat","embeddable":true,"href":"https:\/\/www.livrariarema.com.br\/loja\/wp-json\/wp\/v2\/product_cat?post=54685"},{"taxonomy":"product_tag","embeddable":true,"href":"https:\/\/www.livrariarema.com.br\/loja\/wp-json\/wp\/v2\/product_tag?post=54685"}],"curies":[{"name":"wp","href":"https:\/\/api.w.org\/{rel}","templated":true}]}}