{"id":54763,"date":"2021-01-22T09:17:05","date_gmt":"2021-01-22T12:17:05","guid":{"rendered":"https:\/\/www.livrariarema.com.br\/loja\/produtos\/sem%20categoria\/dia-a-dia-com-spurgeon-manha-e-noite-capa-dura-charles-h-spurgeon\/"},"modified":"2026-03-20T17:02:57","modified_gmt":"2026-03-20T20:02:57","slug":"dia-a-dia-com-spurgeon-manha-e-noite-capa-dura-charles-h-spurgeon","status":"publish","type":"product","link":"https:\/\/www.livrariarema.com.br\/loja\/produtos\/livros\/devocional\/dia-a-dia-com-spurgeon-manha-e-noite-capa-dura-charles-h-spurgeon\/","title":{"rendered":"Dia A Dia Com Spurgeon &#8211; Manh\u00e3 E Noite &#8211; Capa Dura &#8211; Charles H. Spurgeon"},"content":{"rendered":"<p>Cont\u00e9m medita\u00e7\u00f5es que foram escritas no s\u00e9culo 19 por Charles H. Spurgeon, conhecido como o &#8220;pr\u00edncipe dos pregadores&#8221;. Os textos abordam temas como: expia\u00e7\u00e3o, elei\u00e7\u00e3o, santifica\u00e7\u00e3o, intimidade com Cristo, vida de ora\u00e7\u00e3o, e perseveran\u00e7a nas prova\u00e7\u00f5es. O estilo adotado por Spurgeon \u00e9 o de uma conversa entre amigos, enquanto se saboreia um delicioso caf\u00e9.<\/p>\n<p>Charles H. Spurgeon (1834-92) era precocemente not\u00e1vel. Aos 20, j\u00e1 havia pregado mais de 600 mensagens e em pouco tempo se tornou uma figura c\u00e9lebre ao redor do mundo e reconhecido como uma das mentes mais brilhantes de sua \u00e9poca. <\/p>\n<p>Em 1892, seus serm\u00f5es j\u00e1 eram traduzidos para cerca de nove l\u00ednguas diferentes. Publicou 3.561 serm\u00f5es e 135 livros.<\/p>\n<p>732 medita\u00e7\u00f5es<br \/>\nDuas leituras por dia (manh\u00e3 e noite)<br \/>\nBiografia do autor, que esclarece o contexto hist\u00f3rico das mensagens<br \/>\nLinguagem atualizada, por\u00e9m preservando-se as caracter\u00edsticas hist\u00f3ricas do texto<\/p>\n","protected":false},"excerpt":{"rendered":"<p>Cont\u00e9m medita\u00e7\u00f5es que foram escritas no s\u00e9culo 19 por Charles H. Spurgeon, conhecido como o &#8220;pr\u00edncipe dos pregadores&#8221;. Os textos&hellip;<\/p>\n","protected":false},"featured_media":338855,"comment_status":"open","ping_status":"closed","template":"","meta":[],"product_cat":[158,134],"product_tag":[],"_links":{"self":[{"href":"https:\/\/www.livrariarema.com.br\/loja\/wp-json\/wp\/v2\/product\/54763"}],"collection":[{"href":"https:\/\/www.livrariarema.com.br\/loja\/wp-json\/wp\/v2\/product"}],"about":[{"href":"https:\/\/www.livrariarema.com.br\/loja\/wp-json\/wp\/v2\/types\/product"}],"replies":[{"embeddable":true,"href":"https:\/\/www.livrariarema.com.br\/loja\/wp-json\/wp\/v2\/comments?post=54763"}],"wp:featuredmedia":[{"embeddable":true,"href":"https:\/\/www.livrariarema.com.br\/loja\/wp-json\/wp\/v2\/media\/338855"}],"wp:attachment":[{"href":"https:\/\/www.livrariarema.com.br\/loja\/wp-json\/wp\/v2\/media?parent=54763"}],"wp:term":[{"taxonomy":"product_cat","embeddable":true,"href":"https:\/\/www.livrariarema.com.br\/loja\/wp-json\/wp\/v2\/product_cat?post=54763"},{"taxonomy":"product_tag","embeddable":true,"href":"https:\/\/www.livrariarema.com.br\/loja\/wp-json\/wp\/v2\/product_tag?post=54763"}],"curies":[{"name":"wp","href":"https:\/\/api.w.org\/{rel}","templated":true}]}}