{"id":54780,"date":"2021-01-22T09:17:33","date_gmt":"2021-01-22T12:17:33","guid":{"rendered":"https:\/\/www.livrariarema.com.br\/loja\/produtos\/sem%20categoria\/deus-na-era-secular-timothy-keller\/"},"modified":"2026-02-20T13:00:33","modified_gmt":"2026-02-20T16:00:33","slug":"deus-na-era-secular-timothy-keller","status":"publish","type":"product","link":"https:\/\/www.livrariarema.com.br\/loja\/produtos\/livros\/cristianismo\/deus-na-era-secular-timothy-keller\/","title":{"rendered":"Deus Na Era Secular &#8211; Timothy Keller"},"content":{"rendered":"<p>Vivemos em uma \u00e9poca que valoriza a raz\u00e3o emp\u00edrica, a evolu\u00e7\u00e3o do progresso humano e o direito de todos escolherem sua pr\u00f3pria express\u00e3o de significado, prop\u00f3sito e alegria. Para muitos hoje, a ideia de Deus ou de um poder superior n\u00e3o faz mais nenhum sentido. Para muitos, a f\u00e9 e a religi\u00e3o j\u00e1 n\u00e3o podem oferecer nada de valor. Como seres humanos, n\u00e3o podemos viver sem satisfa\u00e7\u00e3o, sentido, liberdade, identidade, justi\u00e7a e esperan\u00e7a.<\/p>\n<p>Por isso, neste novo livro, Timothy Keller, pastor e autor best-seller do New York Times, convida o c\u00e9tico e o estudante de filosofia e de religi\u00e3o a considerar que o cristianismo ainda \u00e9 a resposta para todas essas necessidades. Escrito para crentes e para quem ainda n\u00e3o v\u00ea raz\u00f5es para crer, Deus na era secular lan\u00e7a luz sobre o profundo valor e import\u00e2ncia do cristianismo em nossas vidas.<\/p>\n","protected":false},"excerpt":{"rendered":"<p>Vivemos em uma \u00e9poca que valoriza a raz\u00e3o emp\u00edrica, a evolu\u00e7\u00e3o do progresso humano e o direito de todos escolherem&hellip;<\/p>\n","protected":false},"featured_media":344983,"comment_status":"open","ping_status":"closed","template":"","meta":[],"product_cat":[244,134],"product_tag":[],"_links":{"self":[{"href":"https:\/\/www.livrariarema.com.br\/loja\/wp-json\/wp\/v2\/product\/54780"}],"collection":[{"href":"https:\/\/www.livrariarema.com.br\/loja\/wp-json\/wp\/v2\/product"}],"about":[{"href":"https:\/\/www.livrariarema.com.br\/loja\/wp-json\/wp\/v2\/types\/product"}],"replies":[{"embeddable":true,"href":"https:\/\/www.livrariarema.com.br\/loja\/wp-json\/wp\/v2\/comments?post=54780"}],"wp:featuredmedia":[{"embeddable":true,"href":"https:\/\/www.livrariarema.com.br\/loja\/wp-json\/wp\/v2\/media\/344983"}],"wp:attachment":[{"href":"https:\/\/www.livrariarema.com.br\/loja\/wp-json\/wp\/v2\/media?parent=54780"}],"wp:term":[{"taxonomy":"product_cat","embeddable":true,"href":"https:\/\/www.livrariarema.com.br\/loja\/wp-json\/wp\/v2\/product_cat?post=54780"},{"taxonomy":"product_tag","embeddable":true,"href":"https:\/\/www.livrariarema.com.br\/loja\/wp-json\/wp\/v2\/product_tag?post=54780"}],"curies":[{"name":"wp","href":"https:\/\/api.w.org\/{rel}","templated":true}]}}