{"id":54832,"date":"2021-01-22T09:19:12","date_gmt":"2021-01-22T12:19:12","guid":{"rendered":"https:\/\/www.livrariarema.com.br\/loja\/produtos\/sem%20categoria\/edificando-sobre-a-rocha-vol-2-como-deus-impediu-o-piratas-joel-r-beeke-e-diana-kleyn\/"},"modified":"2026-04-20T18:10:45","modified_gmt":"2026-04-20T21:10:45","slug":"edificando-sobre-a-rocha-vol-2-como-deus-impediu-o-piratas-joel-r-beeke-e-diana-kleyn","status":"publish","type":"product","link":"https:\/\/www.livrariarema.com.br\/loja\/produtos\/livros\/juvenil\/edificando-sobre-a-rocha-vol-2-como-deus-impediu-o-piratas-joel-r-beeke-e-diana-kleyn\/","title":{"rendered":"Edificando Sobre A Rocha &#8211; Vol 2 &#8211; Como Deus Impediu O Piratas &#8211; Joel R. Beeke E Diana Kleyn"},"content":{"rendered":"<p>\u00c0 medida que os piratas se aproximam do navio indefeso, eles levantam os seus ganchos de ferro e carregam os seus canh\u00f5es para a batalha. O capit\u00e3o est\u00e1 de p\u00e9, pronto para defender o seu navio e as vidas dos que est\u00e3o a bordo dele. Os mission\u00e1rios se retiram para as suas cabines para orar. Ser\u00e1 que algu\u00e9m pode impedir esses piratas? Deus pode.<br \/>\nH\u00e1 muitas hist\u00f3rias neste livro. Leia sobre os piratas, sobre um ladr\u00e3o e sobre uma serva russa, bem como muitas outras hist\u00f3rias maravilhosas que aconteceram a mission\u00e1rios e, ainda, sobre como Deus transformou vidas de maneira surpreendente.<br \/>\nTemas: Hist\u00f3rias Mission\u00e1rias e Convers\u00f5es Surpreendentes<\/p>\n<p>Este livro faz parte da s\u00e9rie Edificando sobre a Rocha:<\/p>\n<p>1. Como Deus Usou Uma Tempestade<\/p>\n<p>2. Como Deus Impediu os Piratas<\/p>\n<p>3. Como Deus Usou Uma Nevasca<\/p>\n<p>4. Como Deus Usou uma Seca e um Guarda-Chuva<\/p>\n<p>5. Como Deus Mandou um Cachorro para Salvar uma Fam\u00edlia<\/p>\n<p>Sobre o autor:<\/p>\n<p>O Dr. Joel Beeke \u00e9 presidente e professor de teologia sistem\u00e1tica e prega\u00e7\u00e3o no Semin\u00e1rio Teol\u00f3gico Reforma\u00addo Puritano, pastor da Congrega\u00e7\u00e3o Reformada Heran\u00e7a Holandesa em Grand Rapids, Michigan, editor da Ban\u00addeira da Verdade da Gra\u00e7a Soberana, diretor editorial da Heran\u00e7a Reformada Livros, presidente da Heran\u00e7a Publica\u00e7\u00f5es, e vice-presidente da Sociedade de Tradu\u00e7\u00e3o Reformada Holandesa. Ele tem escrito ou editado mais de cinquenta livros (incluindo v\u00e1rios para crian\u00e7as), e contri\u00adbu\u00eddo com mais de mil e quinhentos artigos para livros, revistas, peri\u00f3dicos e enciclop\u00e9dias reformadas. Seu dou\u00adtorado \u00e9 em teologia da Reforma e da p\u00f3s-Reforma, pelo Semin\u00e1rio Teol\u00f3gico de Westminster. Ele \u00e9 frequentemen\u00adte convidado para dar palestras em semin\u00e1rios e para fa\u00adlar em confer\u00eancias reformadas ao redor do mundo. Ele e sua esposa, Mary, foram aben\u00e7oados com tr\u00eas filhos.<\/p>\n<p>Diana Kleyn \u00e9 membro da Congrega\u00e7\u00e3o Reformada Heran\u00e7a Holandesa em Grand Rapids, Michigan. Ela \u00e9 casada com Chris, \u00e9 m\u00e3e de tr\u00eas filhos e tem um desejo por ajudar as crian\u00e7as a compreender e a abra\u00e7as as verdades da Palavra de Deus. Ela \u00e9 autora de Crescendo Ra\u00edzes e de Dando Frutos, que s\u00e3o colet\u00e2neas de hist\u00f3rias sobre con\u00advers\u00e3o e piedade escritas para crian\u00e7as. Ela e o Dr. Beeke recentemente co-autoraram Her\u00f3is da Reforma, que conta sobre a vida de cerca de quarenta personagens da Refor\u00adma para crian\u00e7as de 10 anos ou mais. Ela tamb\u00e9m escreve mensalmente para a se\u00e7\u00e3o infantil na revista Bandeira da Verdade da Gra\u00e7a Soberana.<\/p>\n","protected":false},"excerpt":{"rendered":"<p>\u00c0 medida que os piratas se aproximam do navio indefeso, eles levantam os seus ganchos de ferro e carregam os&hellip;<\/p>\n","protected":false},"featured_media":343061,"comment_status":"open","ping_status":"closed","template":"","meta":[],"product_cat":[184,134],"product_tag":[],"_links":{"self":[{"href":"https:\/\/www.livrariarema.com.br\/loja\/wp-json\/wp\/v2\/product\/54832"}],"collection":[{"href":"https:\/\/www.livrariarema.com.br\/loja\/wp-json\/wp\/v2\/product"}],"about":[{"href":"https:\/\/www.livrariarema.com.br\/loja\/wp-json\/wp\/v2\/types\/product"}],"replies":[{"embeddable":true,"href":"https:\/\/www.livrariarema.com.br\/loja\/wp-json\/wp\/v2\/comments?post=54832"}],"wp:featuredmedia":[{"embeddable":true,"href":"https:\/\/www.livrariarema.com.br\/loja\/wp-json\/wp\/v2\/media\/343061"}],"wp:attachment":[{"href":"https:\/\/www.livrariarema.com.br\/loja\/wp-json\/wp\/v2\/media?parent=54832"}],"wp:term":[{"taxonomy":"product_cat","embeddable":true,"href":"https:\/\/www.livrariarema.com.br\/loja\/wp-json\/wp\/v2\/product_cat?post=54832"},{"taxonomy":"product_tag","embeddable":true,"href":"https:\/\/www.livrariarema.com.br\/loja\/wp-json\/wp\/v2\/product_tag?post=54832"}],"curies":[{"name":"wp","href":"https:\/\/api.w.org\/{rel}","templated":true}]}}