{"id":54834,"date":"2021-01-22T09:19:15","date_gmt":"2021-01-22T12:19:15","guid":{"rendered":"https:\/\/www.livrariarema.com.br\/loja\/produtos\/sem%20categoria\/316-a-mensagem-de-deus-para-a-vida-eterna-max-lucado\/"},"modified":"2026-02-24T17:25:44","modified_gmt":"2026-02-24T20:25:44","slug":"316-a-mensagem-de-deus-para-a-vida-eterna-max-lucado","status":"publish","type":"product","link":"https:\/\/www.livrariarema.com.br\/loja\/produtos\/livros\/vida-crista\/316-a-mensagem-de-deus-para-a-vida-eterna-max-lucado\/","title":{"rendered":"3:16 &#8211; A Mensagem De Deus Para A Vida Eterna &#8211; Max Lucado"},"content":{"rendered":"<p>Essa frase registrada no evangelho de Jo\u00e3o, cap\u00edtulo 3, vers\u00edculo 16, proclama, ao mesmo tempo, um amor incondicional, uma esperan\u00e7a incompar\u00e1vel e uma promessa de vida. Escrita h\u00e1 mais de 2 mil anos, ela resume o plano de Deus para a humanidade a ponto de ser considerada pela maioria dos crist\u00e3os a mensagem central de todas as Escrituras Sagradas. Todo o restante da B\u00edblia &#8211; a Lei, os livros hist\u00f3ricos, po\u00e9ticos e prof\u00e9ticos, os evangelhos, as ep\u00edstolas e o Apocalipse &#8211; converge para o fato de Deus ter enviado Jesus para salvar o homem das garras do pecado.<br \/>\nNeste livro, Max Lucado mostra que as palavras de Jo\u00e3o 3:16 continuam relevantes nos dias de hoje e podem tocar o ser humano da forma mais transformadora poss\u00edvel. Com o estilo envolvente que o caracteriza como um dos grandes autores crist\u00e3os da atualidade, Lucado se vale de hist\u00f3rias e exemplos da vida real que comprovam a for\u00e7a da mensagem mais simples e, ao mesmo tempo, mais poderosa de todos os tempos.<\/p>\n","protected":false},"excerpt":{"rendered":"<p>Essa frase registrada no evangelho de Jo\u00e3o, cap\u00edtulo 3, vers\u00edculo 16, proclama, ao mesmo tempo, um amor incondicional, uma esperan\u00e7a&hellip;<\/p>\n","protected":false},"featured_media":345419,"comment_status":"open","ping_status":"closed","template":"","meta":[],"product_cat":[134,137],"product_tag":[],"_links":{"self":[{"href":"https:\/\/www.livrariarema.com.br\/loja\/wp-json\/wp\/v2\/product\/54834"}],"collection":[{"href":"https:\/\/www.livrariarema.com.br\/loja\/wp-json\/wp\/v2\/product"}],"about":[{"href":"https:\/\/www.livrariarema.com.br\/loja\/wp-json\/wp\/v2\/types\/product"}],"replies":[{"embeddable":true,"href":"https:\/\/www.livrariarema.com.br\/loja\/wp-json\/wp\/v2\/comments?post=54834"}],"wp:featuredmedia":[{"embeddable":true,"href":"https:\/\/www.livrariarema.com.br\/loja\/wp-json\/wp\/v2\/media\/345419"}],"wp:attachment":[{"href":"https:\/\/www.livrariarema.com.br\/loja\/wp-json\/wp\/v2\/media?parent=54834"}],"wp:term":[{"taxonomy":"product_cat","embeddable":true,"href":"https:\/\/www.livrariarema.com.br\/loja\/wp-json\/wp\/v2\/product_cat?post=54834"},{"taxonomy":"product_tag","embeddable":true,"href":"https:\/\/www.livrariarema.com.br\/loja\/wp-json\/wp\/v2\/product_tag?post=54834"}],"curies":[{"name":"wp","href":"https:\/\/api.w.org\/{rel}","templated":true}]}}