{"id":54852,"date":"2021-01-22T09:19:48","date_gmt":"2021-01-22T12:19:48","guid":{"rendered":"https:\/\/www.livrariarema.com.br\/loja\/produtos\/sem%20categoria\/lendo-romanos-com-john-stott-vol-ii-john-stott\/"},"modified":"2025-09-29T16:41:28","modified_gmt":"2025-09-29T19:41:28","slug":"lendo-romanos-com-john-stott-vol-ii-john-stott","status":"publish","type":"product","link":"https:\/\/www.livrariarema.com.br\/loja\/produtos\/livros\/estudo-biblico\/lendo-romanos-com-john-stott-vol-ii-john-stott\/","title":{"rendered":"Lendo Romanos Com John Stott &#8211; Vol. Ii &#8211; John Stott"},"content":{"rendered":"<p>Nada teria sido mais importante para John Stott do que colocar as palavras do t\u00edtulo na ordem correta: estamos lendo a B\u00edblia com John Stott, n\u00e3o apenas suas palavras sobre a B\u00edblia.<br \/>\n&#8211; Christopher J. H. Wrigth<\/p>\n<p>A carta de Paulo aos Romanos \u00e9 um livro essencial para se entender o evangelho, Paulo se dirigia aos seus contempor\u00e2neos, a todas as pessoas de todas as idades. Ele fala de evangelismo e de sexualidade; da queda e da soberania de Deus; das rela\u00e7\u00f5es entre Igreja e estado e de santidade; de discipulado e tamb\u00e9m de como lidar com as diferen\u00e7as de opini\u00e3o dentro da comunidade crist\u00e3.<\/p>\n<p>Lendo Romanos com John Stott Vol. 2 apresenta os cap\u00edtulos 9 a 16 do livro de Romanos e oferece ao leitor a ess\u00eancia, o significado e a aplica\u00e7\u00e3o do texto b\u00edblico. Os cap\u00edtulos 1 ao 8 do livro de Romanos s\u00e3o apresentados no volume 1, que faz parte desta s\u00e9rie.<\/p>\n<p>Lendo Romanos com John Stott evita detalhes t\u00e9cnicos e acad\u00eamicos, e tamb\u00e9m pode ser usado como leitura di\u00e1ria. Ao final de cada cap\u00edtulo, o leitor encontra orienta\u00e7\u00f5es para l\u00edderes, al\u00e9m de um guia de estudo para uso individual ou em grupo.<\/p>\n<p>Sobre o autor:<br \/>\nJohn Stott \u00e9 conhecido mundialmente como pesquisador e expositor da B\u00edblia. Serviu durante muitos anos como pastor da Igreja de All Sous em Londres. Foi diretor do London Institute For Contemporary Christianity e alem do livro Os Crist\u00e3os e os Desafios Contempor\u00e2neos ele \u00e9 autor de muitos outros livros, A cruz de Cristo, O discipulo Radical, Com ser crist\u00e3o, Para entender a Biblia, A igreja aut\u00eantica, A B\u00edblia toda, o Ano todo entre outros.<\/p>\n","protected":false},"excerpt":{"rendered":"<p>Nada teria sido mais importante para John Stott do que colocar as palavras do t\u00edtulo na ordem correta: estamos lendo&hellip;<\/p>\n","protected":false},"featured_media":338728,"comment_status":"open","ping_status":"closed","template":"","meta":[],"product_cat":[161,134],"product_tag":[],"_links":{"self":[{"href":"https:\/\/www.livrariarema.com.br\/loja\/wp-json\/wp\/v2\/product\/54852"}],"collection":[{"href":"https:\/\/www.livrariarema.com.br\/loja\/wp-json\/wp\/v2\/product"}],"about":[{"href":"https:\/\/www.livrariarema.com.br\/loja\/wp-json\/wp\/v2\/types\/product"}],"replies":[{"embeddable":true,"href":"https:\/\/www.livrariarema.com.br\/loja\/wp-json\/wp\/v2\/comments?post=54852"}],"wp:featuredmedia":[{"embeddable":true,"href":"https:\/\/www.livrariarema.com.br\/loja\/wp-json\/wp\/v2\/media\/338728"}],"wp:attachment":[{"href":"https:\/\/www.livrariarema.com.br\/loja\/wp-json\/wp\/v2\/media?parent=54852"}],"wp:term":[{"taxonomy":"product_cat","embeddable":true,"href":"https:\/\/www.livrariarema.com.br\/loja\/wp-json\/wp\/v2\/product_cat?post=54852"},{"taxonomy":"product_tag","embeddable":true,"href":"https:\/\/www.livrariarema.com.br\/loja\/wp-json\/wp\/v2\/product_tag?post=54852"}],"curies":[{"name":"wp","href":"https:\/\/api.w.org\/{rel}","templated":true}]}}