{"id":54894,"date":"2021-01-22T09:29:04","date_gmt":"2021-01-22T12:29:04","guid":{"rendered":"https:\/\/www.livrariarema.com.br\/loja\/produtos\/sem%20categoria\/marca-texto-stabilo-boss-pastel-amarelo\/"},"modified":"2026-02-17T12:00:39","modified_gmt":"2026-02-17T15:00:39","slug":"marca-texto-stabilo-boss-pastel-amarelo","status":"publish","type":"product","link":"https:\/\/www.livrariarema.com.br\/loja\/produtos\/papelaria\/marcador-de-texto\/marca-texto-stabilo-boss-pastel-amarelo\/","title":{"rendered":"Marca Texto &#8211; Stabilo Boss &#8211; Pastel &#8211; Amarelo"},"content":{"rendered":"<p>Caneta marca texto Stabilo Boss <br \/>\nO marcador n. 1 do mundo! <br \/>\nCom ponta sint\u00e9tica microporosa, evita desgaste da mesma, e proporciona duas espessuras de uso diferentes. dispon\u00edvel em v\u00e1rias cores, a Stabilo tem tinta a base de \u00e1gua com o maior rendimento.<\/p>\n<p>Registro Inmetro: 007 428\/2013<\/p>\n","protected":false},"excerpt":{"rendered":"<p>Caneta marca texto Stabilo Boss O marcador n. 1 do mundo! Com ponta sint\u00e9tica microporosa, evita desgaste da mesma, e&hellip;<\/p>\n","protected":false},"featured_media":337974,"comment_status":"open","ping_status":"closed","template":"","meta":[],"product_cat":[231,215],"product_tag":[],"_links":{"self":[{"href":"https:\/\/www.livrariarema.com.br\/loja\/wp-json\/wp\/v2\/product\/54894"}],"collection":[{"href":"https:\/\/www.livrariarema.com.br\/loja\/wp-json\/wp\/v2\/product"}],"about":[{"href":"https:\/\/www.livrariarema.com.br\/loja\/wp-json\/wp\/v2\/types\/product"}],"replies":[{"embeddable":true,"href":"https:\/\/www.livrariarema.com.br\/loja\/wp-json\/wp\/v2\/comments?post=54894"}],"wp:featuredmedia":[{"embeddable":true,"href":"https:\/\/www.livrariarema.com.br\/loja\/wp-json\/wp\/v2\/media\/337974"}],"wp:attachment":[{"href":"https:\/\/www.livrariarema.com.br\/loja\/wp-json\/wp\/v2\/media?parent=54894"}],"wp:term":[{"taxonomy":"product_cat","embeddable":true,"href":"https:\/\/www.livrariarema.com.br\/loja\/wp-json\/wp\/v2\/product_cat?post=54894"},{"taxonomy":"product_tag","embeddable":true,"href":"https:\/\/www.livrariarema.com.br\/loja\/wp-json\/wp\/v2\/product_tag?post=54894"}],"curies":[{"name":"wp","href":"https:\/\/api.w.org\/{rel}","templated":true}]}}