{"id":55023,"date":"2021-01-22T09:32:49","date_gmt":"2021-01-22T12:32:49","guid":{"rendered":"https:\/\/www.livrariarema.com.br\/loja\/produtos\/sem%20categoria\/perolas-da-biblia-sob-o-olhar-de-um-lider-jaime-soares\/"},"modified":"2025-11-06T13:01:27","modified_gmt":"2025-11-06T16:01:27","slug":"perolas-da-biblia-sob-o-olhar-de-um-lider-jaime-soares","status":"publish","type":"product","link":"https:\/\/www.livrariarema.com.br\/loja\/produtos\/promocao\/livros-promocao\/perolas-da-biblia-sob-o-olhar-de-um-lider-jaime-soares\/","title":{"rendered":"P\u00e9rolas Da B\u00edblia Sob O Olhar De Um L\u00edder &#8211; Jaime Soares"},"content":{"rendered":"<p>Preparado para ser um devocional di\u00e1rio, esta obra traz 184 p\u00e9rolas das Sagradas Escrituras que foram concedidas ao pastor Jaime Soares ao longo de sua vida com Deus e refletem uma vida de busca de conhecimento e dedica\u00e7\u00e3o ao Senhor. P\u00e9rolas da B\u00edblia \u00e9 o livro certo para quem quer descobrir valiosos detalhes da Palavra de Deus.<\/p>\n","protected":false},"excerpt":{"rendered":"<p>Preparado para ser um devocional di\u00e1rio, esta obra traz 184 p\u00e9rolas das Sagradas Escrituras que foram concedidas ao pastor Jaime&hellip;<\/p>\n","protected":false},"featured_media":340633,"comment_status":"open","ping_status":"closed","template":"","meta":[],"product_cat":[143,142],"product_tag":[],"_links":{"self":[{"href":"https:\/\/www.livrariarema.com.br\/loja\/wp-json\/wp\/v2\/product\/55023"}],"collection":[{"href":"https:\/\/www.livrariarema.com.br\/loja\/wp-json\/wp\/v2\/product"}],"about":[{"href":"https:\/\/www.livrariarema.com.br\/loja\/wp-json\/wp\/v2\/types\/product"}],"replies":[{"embeddable":true,"href":"https:\/\/www.livrariarema.com.br\/loja\/wp-json\/wp\/v2\/comments?post=55023"}],"wp:featuredmedia":[{"embeddable":true,"href":"https:\/\/www.livrariarema.com.br\/loja\/wp-json\/wp\/v2\/media\/340633"}],"wp:attachment":[{"href":"https:\/\/www.livrariarema.com.br\/loja\/wp-json\/wp\/v2\/media?parent=55023"}],"wp:term":[{"taxonomy":"product_cat","embeddable":true,"href":"https:\/\/www.livrariarema.com.br\/loja\/wp-json\/wp\/v2\/product_cat?post=55023"},{"taxonomy":"product_tag","embeddable":true,"href":"https:\/\/www.livrariarema.com.br\/loja\/wp-json\/wp\/v2\/product_tag?post=55023"}],"curies":[{"name":"wp","href":"https:\/\/api.w.org\/{rel}","templated":true}]}}