{"id":55033,"date":"2021-01-22T09:33:08","date_gmt":"2021-01-22T12:33:08","guid":{"rendered":"https:\/\/www.livrariarema.com.br\/loja\/produtos\/sem%20categoria\/serie-estudando-a-palavra-atos-1-12-nasce-a-igreja-com-guia-do-lider-r-albert-mohler-jr\/"},"modified":"2026-02-20T13:33:58","modified_gmt":"2026-02-20T16:33:58","slug":"serie-estudando-a-palavra-atos-1-12-nasce-a-igreja-com-guia-do-lider-r-albert-mohler-jr","status":"publish","type":"product","link":"https:\/\/www.livrariarema.com.br\/loja\/produtos\/promocao\/livros-promocao\/serie-estudando-a-palavra-atos-1-12-nasce-a-igreja-com-guia-do-lider-r-albert-mohler-jr\/","title":{"rendered":"S\u00e9rie Estudando A Palavra &#8211; Atos 1-12 &#8211; Nasce A Igreja &#8211; Com Guia Do L\u00edder &#8211; R. Albert Mohler Jr."},"content":{"rendered":"<p>Esta \u00e9 a hist\u00f3ria do que Jesus continuou a realizar por meio da igreja.<\/p>\n<p>A hist\u00f3ria de Jesus n\u00e3o termina com a ressurrei\u00e7\u00e3o, nem mesmo com a ascens\u00e3o. O livro de Atos \u00e9 o relato inspirado de Lucas sobre o que Jesus &#8211; mesmo elevado ao c\u00e9u &#8211; continuou a fazer e a ensinar por meio de seu Esp\u00edrito. <\/p>\n<p>Nos primeiros doze cap\u00edtulos de Atos, est\u00e3o algumas das hist\u00f3rias mais famosas das Escrituras: a ascens\u00e3o de Jesus, a descida do Esp\u00edrito no Pentecostes, o primeiro mart\u00edrio crist\u00e3o, a convers\u00e3o de Saulo (o maior perseguidor da igreja) e a chegada do evangelho aos gentios. Por tr\u00e1s de cada um desses acontecimentos estava a m\u00e3o soberana de Deus trabalhando para dar \u00e0 luz sua igreja e assim<br \/>\nmold\u00e1-la para que ela crescesse e se espalhasse pelo mundo.<\/p>\n<p>Os oito estudos deste volume da S\u00e9rie Estudando a Palavra mapeiam o nascimento dessa igreja &#8211; que permanece at\u00e9 os nossos dias, da qual somos membros pela f\u00e9 e que tem a mesma miss\u00e3o iniciada em Atos: a tarefa ainda em andamento de, pelo Esp\u00edrito Santo, ser testemunha de Cristo &#8220;at\u00e9 os confins da terra&#8221; (At 1.8)<\/p>\n","protected":false},"excerpt":{"rendered":"<p>Esta \u00e9 a hist\u00f3ria do que Jesus continuou a realizar por meio da igreja. A hist\u00f3ria de Jesus n\u00e3o termina&hellip;<\/p>\n","protected":false},"featured_media":345077,"comment_status":"open","ping_status":"closed","template":"","meta":[],"product_cat":[143,142],"product_tag":[],"_links":{"self":[{"href":"https:\/\/www.livrariarema.com.br\/loja\/wp-json\/wp\/v2\/product\/55033"}],"collection":[{"href":"https:\/\/www.livrariarema.com.br\/loja\/wp-json\/wp\/v2\/product"}],"about":[{"href":"https:\/\/www.livrariarema.com.br\/loja\/wp-json\/wp\/v2\/types\/product"}],"replies":[{"embeddable":true,"href":"https:\/\/www.livrariarema.com.br\/loja\/wp-json\/wp\/v2\/comments?post=55033"}],"wp:featuredmedia":[{"embeddable":true,"href":"https:\/\/www.livrariarema.com.br\/loja\/wp-json\/wp\/v2\/media\/345077"}],"wp:attachment":[{"href":"https:\/\/www.livrariarema.com.br\/loja\/wp-json\/wp\/v2\/media?parent=55033"}],"wp:term":[{"taxonomy":"product_cat","embeddable":true,"href":"https:\/\/www.livrariarema.com.br\/loja\/wp-json\/wp\/v2\/product_cat?post=55033"},{"taxonomy":"product_tag","embeddable":true,"href":"https:\/\/www.livrariarema.com.br\/loja\/wp-json\/wp\/v2\/product_tag?post=55033"}],"curies":[{"name":"wp","href":"https:\/\/api.w.org\/{rel}","templated":true}]}}