{"id":55061,"date":"2021-01-22T09:34:00","date_gmt":"2021-01-22T12:34:00","guid":{"rendered":"https:\/\/www.livrariarema.com.br\/loja\/produtos\/sem%20categoria\/serie-herois-cristaos-ontem-e-hoje-adoniram-judson-janet-benge-e-geoff-benge\/"},"modified":"2026-02-20T13:30:09","modified_gmt":"2026-02-20T16:30:09","slug":"serie-herois-cristaos-ontem-e-hoje-adoniram-judson-janet-benge-e-geoff-benge","status":"publish","type":"product","link":"https:\/\/www.livrariarema.com.br\/loja\/produtos\/livros\/biografia\/serie-herois-cristaos-ontem-e-hoje-adoniram-judson-janet-benge-e-geoff-benge\/","title":{"rendered":"S\u00e9rie Her\u00f3is Crist\u00e3os Ontem E Hoje &#8211; Vol. 04 &#8211; Adoniram Judson &#8211; Janet Benge E Geoff Benge"},"content":{"rendered":"<p>A s\u00e9rie Her\u00f3is crist\u00e3os: ontem &amp; hoje registra as hist\u00f3rias marcantes, desafiadoras, comoventes e impactantes de homens e mulheres comuns que confiaram em Deus e realizaram proezas extraordin\u00e1rias para o seu Reino e gl\u00f3ria! Por qu\u00ea ler mais uma biografia? Como afirmou o Dr. Russell P. Shedd: &#8220;Elas podem transformar vidas.&#8221; E as biografias foram os livros que mais influenciaram sua vida.<\/p>\n","protected":false},"excerpt":{"rendered":"<p>A s\u00e9rie Her\u00f3is crist\u00e3os: ontem &amp; hoje registra as hist\u00f3rias marcantes, desafiadoras, comoventes e impactantes de homens e mulheres comuns&hellip;<\/p>\n","protected":false},"featured_media":345066,"comment_status":"open","ping_status":"closed","template":"","meta":[],"product_cat":[181,134],"product_tag":[],"_links":{"self":[{"href":"https:\/\/www.livrariarema.com.br\/loja\/wp-json\/wp\/v2\/product\/55061"}],"collection":[{"href":"https:\/\/www.livrariarema.com.br\/loja\/wp-json\/wp\/v2\/product"}],"about":[{"href":"https:\/\/www.livrariarema.com.br\/loja\/wp-json\/wp\/v2\/types\/product"}],"replies":[{"embeddable":true,"href":"https:\/\/www.livrariarema.com.br\/loja\/wp-json\/wp\/v2\/comments?post=55061"}],"wp:featuredmedia":[{"embeddable":true,"href":"https:\/\/www.livrariarema.com.br\/loja\/wp-json\/wp\/v2\/media\/345066"}],"wp:attachment":[{"href":"https:\/\/www.livrariarema.com.br\/loja\/wp-json\/wp\/v2\/media?parent=55061"}],"wp:term":[{"taxonomy":"product_cat","embeddable":true,"href":"https:\/\/www.livrariarema.com.br\/loja\/wp-json\/wp\/v2\/product_cat?post=55061"},{"taxonomy":"product_tag","embeddable":true,"href":"https:\/\/www.livrariarema.com.br\/loja\/wp-json\/wp\/v2\/product_tag?post=55061"}],"curies":[{"name":"wp","href":"https:\/\/api.w.org\/{rel}","templated":true}]}}